{"id":175,"date":"2021-04-26T07:42:45","date_gmt":"2021-04-26T07:42:45","guid":{"rendered":"https:\/\/beta.myjames.shop\/?post_type=product&#038;p=175"},"modified":"2025-01-31T11:51:33","modified_gmt":"2025-01-31T10:51:33","slug":"telefonbuch","status":"publish","type":"product","link":"https:\/\/james.care\/fr\/produit\/telefonbuch\/","title":{"rendered":"JAMES Annuaire t\u00e9l\u00e9phonique"},"content":{"rendered":"<h2>Bonjour, c'est JAMES !<\/h2>\n<p>La communication et le contact sont des piliers du bien-\u00eatre personnel. Le site <strong>Montres d'appel d'urgence JAMES<\/strong> fonctionnent comme de vrais smartphones ! Avec le <em><strong>JAMES Annuaire t\u00e9l\u00e9phonique<\/strong> <\/em>sont affich\u00e9s sur votre <strong>Montre JAMES <\/strong>60 minutes d'appel vers trois contacts au maximum sont activ\u00e9es. Vous pouvez les d\u00e9finir individuellement dans l'application ou nous demander de les enregistrer par t\u00e9l\u00e9phone. Partagez des moments pr\u00e9cieux avec vos proches.<\/p>\n<p><img loading=\"lazy\" decoding=\"async\" src=\"https:\/\/james.care\/wp-content\/uploads\/2021\/06\/old-woman_beach-1-1024x696.jpg\" sizes=\"auto, (max-width: 800px) 100vw, 800px\" srcset=\"https:\/\/james.care\/wp-content\/uploads\/2021\/06\/old-woman_beach-1-1024x696.jpg 1024w, https:\/\/james.care\/wp-content\/uploads\/2021\/06\/old-woman_beach-1-300x204.jpg 300w, https:\/\/james.care\/wp-content\/uploads\/2021\/06\/old-woman_beach-1-768x522.jpg 768w, https:\/\/james.care\/wp-content\/uploads\/2021\/06\/old-woman_beach-1-1536x1044.jpg 1536w, https:\/\/james.care\/wp-content\/uploads\/2021\/06\/old-woman_beach-1-600x408.jpg 600w, https:\/\/james.care\/wp-content\/uploads\/2021\/06\/old-woman_beach-1.jpg 1800w\" alt=\"\" width=\"800\" height=\"544\" \/><\/p>","protected":false},"excerpt":{"rendered":"<p>Appelez vos proches avec <strong>JAMES<\/strong> \u00e0 l'occasion de l'\u00e9v\u00e9nement. Le site <strong>JAMES Annuaire t\u00e9l\u00e9phonique <\/strong>vous offre <strong>60 minutes de conversation<\/strong> pour les appels vers trois contacts de votre choix (les alarmes sont exclues du forfait, car elles sont d\u00e9j\u00e0 incluses dans l'abonnement) <strong>ABONNEMENT JAMES<\/strong> sont inclus).<\/p>","protected":false},"featured_media":32100,"template":"","meta":{"_acf_changed":false},"product_brand":[],"product_cat":[22],"product_tag":[],"class_list":{"0":"post-175","1":"product","2":"type-product","3":"status-publish","4":"has-post-thumbnail","6":"product_cat-james-zusatztarife","8":"first","9":"instock","10":"taxable","11":"shipping-taxable","12":"purchasable","13":"product-type-variable-subscription"},"bundled_by":[],"bundle_stock_status":"instock","bundle_stock_quantity":null,"bundle_virtual":false,"bundle_layout":"","bundle_add_to_cart_form_location":"","bundle_editable_in_cart":false,"bundle_sold_individually_context":"","bundle_item_grouping":"","bundle_min_size":"","bundle_max_size":"","bundle_price":[],"bundled_items":[],"bundle_sell_ids":[],"exclude_global_add_ons":false,"addons":[{"name":"Informations pour les b\u00e9n\u00e9voles","type":"heading","position":0,"required":false,"title_format":"label","default":"","description_enable":false,"description":"","placeholder_enable":false,"placeholder":"","display":"select","restrictions_type":"any_text","adjust_price":false,"price":"","price_type":"","restrictions":false,"min":"0","max":"0","options":[]},{"name":"Informations pour les b\u00e9n\u00e9voles","type":"custom_textarea","position":0,"required":false,"title_format":"hide","default":"","description_enable":false,"description":"","placeholder_enable":false,"placeholder":"","display":"select","restrictions_type":"","adjust_price":false,"price":"","price_type":"quantity_based","restrictions":false,"min":"","max":"","options":[]},{"name":"Informations g\u00e9n\u00e9rales pour le centre d'appels d'urgence","type":"heading","position":0,"required":false,"title_format":"label","default":"","description_enable":true,"description":"par exemple : O\u00f9 se trouve la cl\u00e9 de secours ? Qui doit \u00eatre pr\u00e9venu en cas d'urgence ? Les animaux domestiques ?","placeholder_enable":false,"placeholder":"","display":"select","restrictions_type":"any_text","adjust_price":false,"price":"","price_type":"","restrictions":false,"min":"0","max":"0","options":[]},{"name":"Informations g\u00e9n\u00e9rales pour le centre d'appels d'urgence","type":"custom_textarea","position":0,"required":false,"title_format":"hide","default":"","description_enable":false,"description":"","placeholder_enable":false,"placeholder":"","display":"select","restrictions_type":"","adjust_price":false,"price":"","price_type":"quantity_based","restrictions":false,"min":"","max":"","options":[]},{"name":"Num\u00e9ro IMEI","type":"custom_text","position":0,"required":false,"title_format":"heading","default":"","description_enable":true,"description":"N\u00e9cessaire pour l'activation des produits JAMES","placeholder_enable":false,"placeholder":"","display":"select","restrictions_type":"only_numbers","adjust_price":false,"price":"","price_type":"flat_fee","restrictions":true,"min":"15","max":"15","options":[],"id":1704201544}],"acf":[],"_links":{"self":[{"href":"https:\/\/james.care\/fr\/wp-json\/wp\/v2\/product\/175","targetHints":{"allow":["GET"]}}],"collection":[{"href":"https:\/\/james.care\/fr\/wp-json\/wp\/v2\/product"}],"about":[{"href":"https:\/\/james.care\/fr\/wp-json\/wp\/v2\/types\/product"}],"wp:featuredmedia":[{"embeddable":true,"href":"https:\/\/james.care\/fr\/wp-json\/wp\/v2\/media\/32100"}],"wp:attachment":[{"href":"https:\/\/james.care\/fr\/wp-json\/wp\/v2\/media?parent=175"}],"wp:term":[{"taxonomy":"product_brand","embeddable":true,"href":"https:\/\/james.care\/fr\/wp-json\/wp\/v2\/product_brand?post=175"},{"taxonomy":"product_cat","embeddable":true,"href":"https:\/\/james.care\/fr\/wp-json\/wp\/v2\/product_cat?post=175"},{"taxonomy":"product_tag","embeddable":true,"href":"https:\/\/james.care\/fr\/wp-json\/wp\/v2\/product_tag?post=175"}],"curies":[{"name":"wp","href":"https:\/\/api.w.org\/{rel}","templated":true}]}}