{"id":155883,"date":"2025-09-29T15:38:33","date_gmt":"2025-09-29T13:38:33","guid":{"rendered":"https:\/\/james.care\/?post_type=product&#038;p=155883"},"modified":"2025-11-27T11:54:25","modified_gmt":"2025-11-27T10:54:25","slug":"james-notrufuhr-r9","status":"publish","type":"product","link":"https:\/\/james.care\/fr\/produit\/james-notrufuhr-r9\/","title":{"rendered":"JAMES montre d'appel d'urgence R9"},"content":{"rendered":"<p><span class=\"s1\">Notre montre d'appel d'urgence \u00e9l\u00e9gante au look arrondi. L'alarme sur simple pression d'un bouton ainsi qu'une multitude de fonctions de sant\u00e9 caract\u00e9risent notre tout dernier mod\u00e8le.<\/span><\/p>\n<ul>\n<li><span class=\"s1\">Alerte avec appel vocal<\/span><\/li>\n<li class=\"p1\"><span class=\"s1\">T\u00e9l\u00e9phonie, SIM d'itin\u00e9rance incluse<\/span><\/li>\n<li class=\"p1\"><span class=\"s1\">D\u00e9termination de la position en cas d'urgence<\/span><\/li>\n<li class=\"p1\"><span class=\"s1\">Podom\u00e8tre<\/span><\/li>\n<li class=\"p1\"><span class=\"s1\">Fonctions de sant\u00e9<\/span><\/li>\n<li class=\"p1\"><span class=\"s1\">Rappels &amp; messages vocaux<\/span><\/li>\n<li>Technologie 4G<\/li>\n<li class=\"p1\"><span class=\"s1\">APP pour les proches<\/span><\/li>\n<li class=\"p1\"><span class=\"s1\">Centrale d'appel 24h\/24 et 7j\/7 <i>(en option)<span class=\"Apple-converted-space\">\u00a0<\/span><\/i><\/span><\/li>\n<\/ul>","protected":false},"excerpt":{"rendered":"<p class=\"p1\"><strong>La ronde intelligente avec du style<\/strong><\/p>\n<ul>\n<li>montre d'appel d'urgence ronde<\/li>\n<li>affichage analogique\/num\u00e9rique de l'heure s\u00e9lectionnable<\/li>\n<li>avec \u00e9cran tactile<\/li>\n<li>facilit\u00e9 d'utilisation<\/li>\n<li>avec fonction t\u00e9l\u00e9phone \/ mains libres<\/li>\n<li>Localisation GPS en cas d'urgence<\/li>\n<li>d\u00e9tection automatique des chutes<\/li>\n<li>Podom\u00e8tre<\/li>\n<li>Pulsom\u00e8tre<\/li>\n<li>Messages texte avec historique<\/li>\n<li>Calendrier<\/li>\n<\/ul>","protected":false},"featured_media":155877,"template":"","meta":{"_acf_changed":false},"product_brand":[],"product_cat":[19],"product_tag":[181,180,182,183],"class_list":{"0":"post-155883","1":"product","2":"type-product","3":"status-publish","4":"has-post-thumbnail","6":"product_cat-james-notrufuhr","7":"product_tag-modell-r8","8":"product_tag-notrufuhr","9":"product_tag-sicherheitsuhr","10":"product_tag-uhr-fuer-senioren","11":"product_shipping_class-versicherter-versand","13":"first","14":"instock","15":"sold-individually","16":"taxable","17":"shipping-taxable","18":"purchasable","19":"product-type-variable"},"bundled_by":[],"bundle_stock_status":"instock","bundle_stock_quantity":null,"bundle_virtual":false,"bundle_layout":"","bundle_add_to_cart_form_location":"","bundle_editable_in_cart":false,"bundle_sold_individually_context":"","bundle_item_grouping":"","bundle_min_size":"","bundle_max_size":"","bundle_price":[],"bundled_items":[],"bundle_sell_ids":[],"exclude_global_add_ons":[],"addons":[],"acf":[],"_links":{"self":[{"href":"https:\/\/james.care\/fr\/wp-json\/wp\/v2\/product\/155883","targetHints":{"allow":["GET"]}}],"collection":[{"href":"https:\/\/james.care\/fr\/wp-json\/wp\/v2\/product"}],"about":[{"href":"https:\/\/james.care\/fr\/wp-json\/wp\/v2\/types\/product"}],"wp:featuredmedia":[{"embeddable":true,"href":"https:\/\/james.care\/fr\/wp-json\/wp\/v2\/media\/155877"}],"wp:attachment":[{"href":"https:\/\/james.care\/fr\/wp-json\/wp\/v2\/media?parent=155883"}],"wp:term":[{"taxonomy":"product_brand","embeddable":true,"href":"https:\/\/james.care\/fr\/wp-json\/wp\/v2\/product_brand?post=155883"},{"taxonomy":"product_cat","embeddable":true,"href":"https:\/\/james.care\/fr\/wp-json\/wp\/v2\/product_cat?post=155883"},{"taxonomy":"product_tag","embeddable":true,"href":"https:\/\/james.care\/fr\/wp-json\/wp\/v2\/product_tag?post=155883"}],"curies":[{"name":"wp","href":"https:\/\/api.w.org\/{rel}","templated":true}]}}