{"id":13179,"date":"2021-12-20T14:44:13","date_gmt":"2021-12-20T13:44:13","guid":{"rendered":"https:\/\/myjames.shop\/?post_type=product&#038;p=13179"},"modified":"2023-10-16T12:49:11","modified_gmt":"2023-10-16T10:49:11","slug":"videotelefonie","status":"publish","type":"product","link":"https:\/\/james.care\/fr\/produit\/videotelefonie\/","title":{"rendered":"Tarifs de visiophonie JAMES"},"content":{"rendered":"<h2>Chez JAMES, le PREMIUM s'\u00e9crit en majuscules.<\/h2>\n<p><strong>JAMES<\/strong> se distingue par la qualit\u00e9 autrichienne et le meilleur service \u00e0 la client\u00e8le. Le site <strong>Support Premium<\/strong> vous aide \u00e0 entrer facilement dans le monde des appareils intelligents et fournit des r\u00e9ponses \u00e0 toutes vos questions concernant <strong>JAMES<\/strong>.<\/p>\n<p><img loading=\"lazy\" decoding=\"async\" src=\"https:\/\/james.care\/wp-content\/uploads\/2021\/05\/Peter_Susanne_dancing-1024x683.jpg\" sizes=\"auto, (max-width: 800px) 100vw, 800px\" srcset=\"https:\/\/james.care\/wp-content\/uploads\/2021\/05\/Peter_Susanne_dancing-1024x683.jpg 1024w, https:\/\/james.care\/wp-content\/uploads\/2021\/05\/Peter_Susanne_dancing-300x200.jpg 300w, https:\/\/james.care\/wp-content\/uploads\/2021\/05\/Peter_Susanne_dancing-768x512.jpg 768w, https:\/\/james.care\/wp-content\/uploads\/2021\/05\/Peter_Susanne_dancing-1536x1024.jpg 1536w, https:\/\/james.care\/wp-content\/uploads\/2021\/05\/Peter_Susanne_dancing-600x400.jpg 600w, https:\/\/james.care\/wp-content\/uploads\/2021\/05\/Peter_Susanne_dancing.jpg 1600w\" alt=\"Gl\u00fcckliches Seniorenpaar (Peter und Susanne) tanzt im Wohnzimmer\" width=\"800\" height=\"534\" \/><br \/>\n<img loading=\"lazy\" decoding=\"async\" src=\"https:\/\/james.care\/wp-content\/uploads\/2021\/05\/callcenter_premiumsupport.jpg\" sizes=\"auto, (max-width: 1600px) 100vw, 1600px\" srcset=\"https:\/\/james.care\/wp-content\/uploads\/2021\/05\/callcenter_premiumsupport.jpg 1600w, https:\/\/james.care\/wp-content\/uploads\/2021\/05\/callcenter_premiumsupport-300x200.jpg 300w, https:\/\/james.care\/wp-content\/uploads\/2021\/05\/callcenter_premiumsupport-1024x683.jpg 1024w, https:\/\/james.care\/wp-content\/uploads\/2021\/05\/callcenter_premiumsupport-768x512.jpg 768w, https:\/\/james.care\/wp-content\/uploads\/2021\/05\/callcenter_premiumsupport-1536x1024.jpg 1536w, https:\/\/james.care\/wp-content\/uploads\/2021\/05\/callcenter_premiumsupport-600x400.jpg 600w\" alt=\"\" width=\"1600\" height=\"1067\" \/><\/p>\n<h2>La pratique et le soutien font le ma\u00eetre.<\/h2>\n<p>Avec le tarif compl\u00e9mentaire, l'un de nos sympathiques collaborateurs d'assistance est toujours \u00e0 vos c\u00f4t\u00e9s pour vous conseiller et vous aider. Votre collaborateur personnel vous aide par t\u00e9l\u00e9phone \u00e0 activer et \u00e0 configurer votre <strong>Produits JAMES<\/strong> et donne \u00e9galement des ateliers de formation informatifs si n\u00e9cessaire.<\/p>","protected":false},"excerpt":{"rendered":"<p><strong>La visiophonie JAMES relie les g\u00e9n\u00e9rations<\/strong> et ouvre des voies de communication nouvelles et simples. Gr\u00e2ce \u00e0 la vid\u00e9ot\u00e9l\u00e9phonie simple, vous pouvez voir de pr\u00e8s les visages et les voix de vos proches. Des moments de partage deviennent ainsi possibles malgr\u00e9 la distance, l'immobilit\u00e9, la maladie de Corona, etc. Outre les contacts personnels, la tablette peut en outre vous mettre en contact avec des soignants professionnels, des infirmi\u00e8res ou des m\u00e9decins. Le suivi quotidien de l'\u00e9tat physique \/ psychique est particuli\u00e8rement pr\u00e9cieux.<\/p>","protected":false},"featured_media":13740,"template":"","meta":{"_acf_changed":false},"product_brand":[],"product_cat":[22],"product_tag":[],"class_list":{"0":"post-13179","1":"product","2":"type-product","3":"status-publish","4":"has-post-thumbnail","6":"product_cat-james-zusatztarife","8":"first","9":"instock","10":"downloadable","11":"virtual","12":"taxable","13":"purchasable","14":"product-type-subscription"},"bundled_by":[],"bundle_stock_status":"instock","bundle_stock_quantity":null,"bundle_virtual":false,"bundle_layout":"","bundle_add_to_cart_form_location":"","bundle_editable_in_cart":false,"bundle_sold_individually_context":"","bundle_item_grouping":"","bundle_min_size":"","bundle_max_size":"","bundle_price":[],"bundled_items":[],"bundle_sell_ids":[],"exclude_global_add_ons":false,"addons":[{"name":"Informations pour les b\u00e9n\u00e9voles","type":"heading","position":0,"required":false,"title_format":"label","default":"","description_enable":false,"description":"","placeholder_enable":false,"placeholder":"","display":"select","restrictions_type":"any_text","adjust_price":false,"price":"","price_type":"","restrictions":false,"min":"0","max":"0","options":[]},{"name":"Informations pour les b\u00e9n\u00e9voles","type":"custom_textarea","position":0,"required":false,"title_format":"hide","default":"","description_enable":false,"description":"","placeholder_enable":false,"placeholder":"","display":"select","restrictions_type":"","adjust_price":false,"price":"","price_type":"quantity_based","restrictions":false,"min":"","max":"","options":[]},{"name":"Informations g\u00e9n\u00e9rales pour le centre d'appels d'urgence","type":"heading","position":0,"required":false,"title_format":"label","default":"","description_enable":true,"description":"par exemple : O\u00f9 se trouve la cl\u00e9 de secours ? Qui doit \u00eatre pr\u00e9venu en cas d'urgence ? Les animaux domestiques ?","placeholder_enable":false,"placeholder":"","display":"select","restrictions_type":"any_text","adjust_price":false,"price":"","price_type":"","restrictions":false,"min":"0","max":"0","options":[]},{"name":"Informations g\u00e9n\u00e9rales pour le centre d'appels d'urgence","type":"custom_textarea","position":0,"required":false,"title_format":"hide","default":"","description_enable":false,"description":"","placeholder_enable":false,"placeholder":"","display":"select","restrictions_type":"","adjust_price":false,"price":"","price_type":"quantity_based","restrictions":false,"min":"","max":"","options":[]},{"name":"Num\u00e9ro IMEI","type":"custom_text","position":0,"required":false,"title_format":"heading","default":"","description_enable":true,"description":"N\u00e9cessaire pour l'activation des produits JAMES","placeholder_enable":false,"placeholder":"","display":"select","restrictions_type":"only_numbers","adjust_price":false,"price":"","price_type":"flat_fee","restrictions":true,"min":"15","max":"15","options":[],"id":1704201544}],"acf":[],"_links":{"self":[{"href":"https:\/\/james.care\/fr\/wp-json\/wp\/v2\/product\/13179","targetHints":{"allow":["GET"]}}],"collection":[{"href":"https:\/\/james.care\/fr\/wp-json\/wp\/v2\/product"}],"about":[{"href":"https:\/\/james.care\/fr\/wp-json\/wp\/v2\/types\/product"}],"wp:featuredmedia":[{"embeddable":true,"href":"https:\/\/james.care\/fr\/wp-json\/wp\/v2\/media\/13740"}],"wp:attachment":[{"href":"https:\/\/james.care\/fr\/wp-json\/wp\/v2\/media?parent=13179"}],"wp:term":[{"taxonomy":"product_brand","embeddable":true,"href":"https:\/\/james.care\/fr\/wp-json\/wp\/v2\/product_brand?post=13179"},{"taxonomy":"product_cat","embeddable":true,"href":"https:\/\/james.care\/fr\/wp-json\/wp\/v2\/product_cat?post=13179"},{"taxonomy":"product_tag","embeddable":true,"href":"https:\/\/james.care\/fr\/wp-json\/wp\/v2\/product_tag?post=13179"}],"curies":[{"name":"wp","href":"https:\/\/api.w.org\/{rel}","templated":true}]}}