{"id":112258,"date":"2025-03-21T08:55:24","date_gmt":"2025-03-21T07:55:24","guid":{"rendered":"https:\/\/james.care\/?post_type=product&#038;p=112258"},"modified":"2025-03-21T08:56:30","modified_gmt":"2025-03-21T07:56:30","slug":"james-demenztarif-trial","status":"publish","type":"product","link":"https:\/\/james.care\/fr\/produit\/james-demenztarif-trial\/","title":{"rendered":"Tarif JAMES pour les personnes atteintes de d\u00e9mence (essai de 30 jours)"},"content":{"rendered":"","protected":false},"excerpt":{"rendered":"<ul>\n<li>\n<div class=\"bde-icon-list__item-wrapper\"><span class=\"bde-icon-list__text\">Une protection efficace en cas de d\u00e9mence<\/span><\/div>\n<\/li>\n<li>\n<div class=\"bde-icon-list__item-wrapper\"><span class=\"bde-icon-list__text\">Alarme en cas de d\u00e9part (aller)<\/span><\/div>\n<\/li>\n<li>\n<div class=\"bde-icon-list__item-wrapper\"><span class=\"bde-icon-list__text\">Trouver rapidement un proche atteint de d\u00e9mence<\/span><\/div>\n<\/li>\n<li>\n<div class=\"bde-icon-list__item-wrapper\"><span class=\"bde-icon-list__text\">Soulager la famille<\/span><\/div>\n<\/li>\n<li>\n<div class=\"bde-icon-list__item-wrapper\"><span class=\"bde-icon-list__text\">Un quotidien sans souci<\/span><\/div>\n<\/li>\n<li>\n<div class=\"bde-icon-list__item-wrapper\"><span class=\"bde-icon-list__text\">App &amp; portail web pour les proches<\/span><\/div>\n<\/li>\n<li>\n<div class=\"bde-icon-list__item-wrapper\"><span class=\"bde-icon-list__text\">Centrale d'appel d'urgence 24h\/24 et 7j\/7 (en option)<\/span><\/div>\n<\/li>\n<li>\n<div class=\"bde-icon-list__item-wrapper\"><span class=\"bde-icon-list__text\">Bracelet verrouillable (en option)<\/span><\/div>\n<\/li>\n<\/ul>","protected":false},"featured_media":32101,"template":"","meta":{"_acf_changed":false},"product_brand":[],"product_cat":[22],"product_tag":[],"class_list":{"0":"post-112258","1":"product","2":"type-product","3":"status-publish","4":"has-post-thumbnail","6":"product_cat-james-zusatztarife","8":"first","9":"instock","10":"sold-individually","11":"taxable","12":"shipping-taxable","13":"purchasable","14":"product-type-variable-subscription"},"bundled_by":[],"bundle_stock_status":"instock","bundle_stock_quantity":null,"bundle_virtual":false,"bundle_layout":"","bundle_add_to_cart_form_location":"","bundle_editable_in_cart":false,"bundle_sold_individually_context":"","bundle_item_grouping":"","bundle_min_size":"","bundle_max_size":"","bundle_price":[],"bundled_items":[],"bundle_sell_ids":[],"exclude_global_add_ons":false,"addons":[{"name":"Informations pour les b\u00e9n\u00e9voles","type":"heading","position":0,"required":false,"title_format":"label","default":"","description_enable":false,"description":"","placeholder_enable":false,"placeholder":"","display":"select","restrictions_type":"any_text","adjust_price":false,"price":"","price_type":"","restrictions":false,"min":"0","max":"0","options":[]},{"name":"Informations pour les b\u00e9n\u00e9voles","type":"custom_textarea","position":0,"required":false,"title_format":"hide","default":"","description_enable":false,"description":"","placeholder_enable":false,"placeholder":"","display":"select","restrictions_type":"","adjust_price":false,"price":"","price_type":"quantity_based","restrictions":false,"min":"","max":"","options":[]},{"name":"Informations g\u00e9n\u00e9rales pour le centre d'appels d'urgence","type":"heading","position":0,"required":false,"title_format":"label","default":"","description_enable":true,"description":"par exemple : O\u00f9 se trouve la cl\u00e9 de secours ? Qui doit \u00eatre pr\u00e9venu en cas d'urgence ? Les animaux domestiques ?","placeholder_enable":false,"placeholder":"","display":"select","restrictions_type":"any_text","adjust_price":false,"price":"","price_type":"","restrictions":false,"min":"0","max":"0","options":[]},{"name":"Informations g\u00e9n\u00e9rales pour le centre d'appels d'urgence","type":"custom_textarea","position":0,"required":false,"title_format":"hide","default":"","description_enable":false,"description":"","placeholder_enable":false,"placeholder":"","display":"select","restrictions_type":"","adjust_price":false,"price":"","price_type":"quantity_based","restrictions":false,"min":"","max":"","options":[]},{"name":"Num\u00e9ro IMEI","type":"custom_text","position":0,"required":false,"title_format":"heading","default":"","description_enable":true,"description":"N\u00e9cessaire pour l'activation des produits JAMES","placeholder_enable":false,"placeholder":"","display":"select","restrictions_type":"only_numbers","adjust_price":false,"price":"","price_type":"flat_fee","restrictions":true,"min":"15","max":"15","options":[],"id":1704201544}],"acf":[],"_links":{"self":[{"href":"https:\/\/james.care\/fr\/wp-json\/wp\/v2\/product\/112258","targetHints":{"allow":["GET"]}}],"collection":[{"href":"https:\/\/james.care\/fr\/wp-json\/wp\/v2\/product"}],"about":[{"href":"https:\/\/james.care\/fr\/wp-json\/wp\/v2\/types\/product"}],"wp:featuredmedia":[{"embeddable":true,"href":"https:\/\/james.care\/fr\/wp-json\/wp\/v2\/media\/32101"}],"wp:attachment":[{"href":"https:\/\/james.care\/fr\/wp-json\/wp\/v2\/media?parent=112258"}],"wp:term":[{"taxonomy":"product_brand","embeddable":true,"href":"https:\/\/james.care\/fr\/wp-json\/wp\/v2\/product_brand?post=112258"},{"taxonomy":"product_cat","embeddable":true,"href":"https:\/\/james.care\/fr\/wp-json\/wp\/v2\/product_cat?post=112258"},{"taxonomy":"product_tag","embeddable":true,"href":"https:\/\/james.care\/fr\/wp-json\/wp\/v2\/product_tag?post=112258"}],"curies":[{"name":"wp","href":"https:\/\/api.w.org\/{rel}","templated":true}]}}