{"id":61,"date":"2021-04-23T09:00:58","date_gmt":"2021-04-23T09:00:58","guid":{"rendered":"https:\/\/beta.myjames.shop\/?page_id=61"},"modified":"2022-07-14T14:16:52","modified_gmt":"2022-07-14T12:16:52","slug":"der-mobile-hausnotruf-fuer-senioren-2","status":"publish","type":"page","link":"https:\/\/james.care\/fr\/der-mobile-hausnotruf-fuer-senioren-2\/","title":{"rendered":"L'appel d'urgence mobile \u00e0 domicile pour les seniors"},"content":{"rendered":"<h1>\n\t\t\t\t\tL'appel d'urgence mobile \u00e0 domicile qui sauve des vies.<br \/>\n\t\t\t\t<\/h1>\n<h2>\n\t\t\t\t\tL'aide n'est qu'une<br \/>\n\t\t\t\t\tAppuyer sur un bouton<br \/>\n\t\t\t\t\tretir\u00e9.<br \/>\n\t\t\t\t\t<\/h2>\n<p>\t\t\t\t\t\t\t\t\t\t\t\t<img decoding=\"async\" width=\"800\" height=\"555\" src=\"https:\/\/james.care\/wp-content\/uploads\/2021\/04\/watches-photo-1024x710.png\" alt=\"Die JAMES Notrufuhren B6 und S6. erm\u00f6glichen Sicherheit mit dem mobilen Hausnotruf.\" loading=\"lazy\" srcset=\"https:\/\/james.care\/wp-content\/uploads\/2021\/04\/watches-photo-1024x710.png 1024w, https:\/\/james.care\/wp-content\/uploads\/2021\/04\/watches-photo-300x208.png 300w, https:\/\/james.care\/wp-content\/uploads\/2021\/04\/watches-photo-768x532.png 768w, https:\/\/james.care\/wp-content\/uploads\/2021\/04\/watches-photo-1536x1065.png 1536w, https:\/\/james.care\/wp-content\/uploads\/2021\/04\/watches-photo-600x416.png 600w, https:\/\/james.care\/wp-content\/uploads\/2021\/04\/watches-photo.png 1767w\" sizes=\"auto, (max-width: 800px) 100vw, 800px\" \/>\t\t\t\t\t\t\t\t\t\t\t\t\t\t<\/p>\n<pre>Les montres d'appel d'urgence JAMES offrent une nouvelle s\u00e9curit\u00e9 aux personnes \u00e2g\u00e9es, \u00e0 leurs proches et aux soignants.\u00a0<\/pre>\n<p>\t\t\t\t\t\t\t\t\t\t\t\t<img decoding=\"async\" src=\"https:\/\/james.care\/wp-content\/uploads\/elementor\/thumbs\/james_logo_brands-1-plwu01dxsklrfxwkv0phonvdbr3794l8ekn44qj47o.png\" title=\"james_logo_brands\" alt=\"james_logo_brands\" \/>\t\t\t\t\t\t\t\t\t\t\t\t\t\t<\/p>\n<h2>..de nombreux autres partenaires JAMES, <br \/>ainsi que de nombreuses associations sociales et maisons de soins.<\/h2>\n<p>\t\t\t<a href=\"https:\/\/james.care\/fr\/notrufuhr\/\" role=\"button\"><br \/>\n\t\t\t\t\t\tCommandez maintenant !<br \/>\n\t\t\t\t\t<\/a><br \/>\n\t\t\t<a href=\"https:\/\/james.care\/fr\/was-genau-ist-eine-notrufuhr-und-wie-funktioniert-sie\/\" role=\"button\"><br \/>\n\t\t\t\t\t\tPlus d'informations<br \/>\n\t\t\t\t\t<\/a><\/p>\n<h2>D\u00e9couvrir les produits<\/h2>\n<h3>S\u00c9CURIT\u00c9<\/h3>\n<p><b>JAMES <\/b>permet l'appel d'urgence mobile \u00e0 domicile en appuyant sur un bouton. En cas d'urgence, un appel est \u00e9tabli entre vous et vos proches : Et ce, non seulement chez vous, mais aussi en d\u00e9placement.<\/p>\n<h3>SANT\u00c9<\/h3>\n<p><b>JAMES<\/b> favorise votre activit\u00e9 physique. L'ange gardien num\u00e9rique veille sur vos valeurs de sant\u00e9. Vos param\u00e8tres vitaux sont enregistr\u00e9s num\u00e9riquement et peuvent m\u00eame \u00eatre surveill\u00e9s par un professionnel si vous le souhaitez. De plus, le podom\u00e8tre int\u00e9gr\u00e9 d\u00e9termine vos d\u00e9placements quotidiens.<i>\u00e9tapes<\/i>.\u00a0<\/p>\n<h3>COMMUNAUT\u00c9<\/h3>\n<p>L'isolement social rend malade. <br \/><b>JAMES<\/b> n'est pas seulement un agent de s\u00e9curit\u00e9 et un ange gardien, mais aussi un compagnon. Gr\u00e2ce \u00e0 la vid\u00e9ot\u00e9l\u00e9phonie facile \u00e0 utiliser, les seniors restent toujours en contact avec leur famille, le personnel soignant et les m\u00e9decins.<\/p>\n<h2>JAMES, l'appel d'urgence mobile \u00e0 domicile<\/h2>\n<h3>S\u00e9curit\u00e9 des personnes \u00e2g\u00e9es, des personnes vuln\u00e9rables et des institutions sociales<\/h3>\n<p>\t\tLe syst\u00e8me d'appel d'urgence prim\u00e9 <strong>JAMES<\/strong> cr\u00e9e des acc\u00e8s simples au monde num\u00e9rique et soutient les seniors pour qu'ils puissent rester plus longtemps, mais surtout <strong>plus s\u00fbr<\/strong> vivre chez soi.\t\t<\/p>\n<p>Un style s\u00fbr 24 heures sur 24<\/p>\n<p id=\"headline-539-110\">De nombreuses personnes \u00e2g\u00e9es vivent seules et sont donc livr\u00e9es \u00e0 elles-m\u00eames non seulement dans la vie quotidienne, mais aussi dans des situations de danger. Les proches souhaitent pour leurs proches une vie marqu\u00e9e par la S\u00c9CURIT\u00c9, la SANT\u00c9 et la COLLECTIVIT\u00c9.<\/p>\n<p><i>\"Et si ma m\u00e8re tombe et ne se rel\u00e8ve pas ?\", \"Qu'en est-il de la tension art\u00e9rielle de mon grand-p\u00e8re ?<\/i><\/p>\n<h3>L'appel d'urgence \u00e0 domicile JAMES est la solution<\/h3>\n<p id=\"headline-544-110\" class=\"translation-block\">Notre syst\u00e8me d'appel d'urgence mobile \u00e0 domicile se compose de plusieurs \u00e9l\u00e9ments parfaitement adapt\u00e9s les uns aux autres. Des montres d'appel d'urgence faciles \u00e0 utiliser et une tablette conviviale pour les seniors constituent le pivot de la gamme de produits <strong>JAMES<\/strong>.<\/p>\n<p>En tant que solution globale intelligente, le syst\u00e8me d'appel d'urgence cr\u00e9e la s\u00e9curit\u00e9 pour les seniors, soulage les proches et comble les lacunes en mati\u00e8re de soins.<\/p>\n<p><strong>JAMES<\/strong> peut \u00eatre adapt\u00e9 individuellement aux besoins et aux conditions de vie de ses utilisateurs.\u00a0<\/p>\n<h3>Agent de sant\u00e9 et de s\u00e9curit\u00e9<\/h3>\n<p id=\"headline-547-110\" class=\"translation-block\">Les alarmes envoy\u00e9es, les positions, les valeurs de sant\u00e9, etc. peuvent \u00eatre consult\u00e9es \u00e0 tout moment par les membres de la famille dans <strong>JAMES APP<\/strong> ou sur le <strong>portail web<\/strong>. En cons\u00e9quence, <strong>JAMES<\/strong> vous offre une protection compl\u00e8te maximale dans le style <strong>007<\/strong>.<\/p>\n<p>Que ce soit <strong>adapt\u00e9 aux familles<\/strong>, sur <strong>D\u00e9mence<\/strong> align\u00e9 ou <strong>24\/7<\/strong> - <strong>JAMES<\/strong> vous accompagne, vous et vos proches, tout au long de la vie. Tout \u00e0 fait selon notre credo :<\/p>\n<h2>Profiter du quotidien, tout simplement. <br \/>JAMES s'occupe du reste.<\/h2>\n<p>\t\t\t<a href=\"https:\/\/james.care\/fr\/was-genau-ist-eine-notrufuhr-und-wie-funktioniert-sie\/\" role=\"button\"><br \/>\n\t\t\t\t\t\tPlus d'informations<br \/>\n\t\t\t\t\t<\/a><br \/>\n\t\t\t\t\t\t\t\t\t\t\t\t<img decoding=\"async\" width=\"1600\" height=\"1067\" src=\"https:\/\/james.care\/wp-content\/uploads\/2021\/04\/shutterstock_635789672.jpg\" alt=\"Gl\u00fcckliche Seniorin (Elfriede) in der Natur, dank Hausnotrufsystem JAMES.\" loading=\"lazy\" srcset=\"https:\/\/james.care\/wp-content\/uploads\/2021\/04\/shutterstock_635789672.jpg 1600w, https:\/\/james.care\/wp-content\/uploads\/2021\/04\/shutterstock_635789672-300x200.jpg 300w, https:\/\/james.care\/wp-content\/uploads\/2021\/04\/shutterstock_635789672-1024x683.jpg 1024w, https:\/\/james.care\/wp-content\/uploads\/2021\/04\/shutterstock_635789672-768x512.jpg 768w, https:\/\/james.care\/wp-content\/uploads\/2021\/04\/shutterstock_635789672-1536x1024.jpg 1536w, https:\/\/james.care\/wp-content\/uploads\/2021\/04\/shutterstock_635789672-600x400.jpg 600w\" sizes=\"auto, (max-width: 1600px) 100vw, 1600px\" \/>\t\t\t\t\t\t\t\t\t\t\t\t\t\t<\/p>\n<h2>Histoires de vie<\/h2>\n<h3>D\u00e9couvrez notre appel d'urgence mobile \u00e0 domicile en action !<\/h3>\n<p>La famille Kern profite avec <b>JAMES <\/b>une nouvelle libert\u00e9 et une s\u00e9curit\u00e9 24 heures sur 24. Les sympathiques membres de la famille partagent les exp\u00e9riences qu'ils ont accumul\u00e9es dans des histoires et des exp\u00e9riences personnelles.<\/p>\n<p>\t\t\t<a href=\"https:\/\/james.care\/fr\/stories\/\" role=\"button\"><br \/>\n\t\t\t\t\t\tHistoires de vie &gt;<br \/>\n\t\t\t\t\t<\/a><\/p>\n<h2>La technologie rencontre la science<\/h2>\n<p>La plus haute qualit\u00e9 de <strong>ilogs healthcare<\/strong>Le logiciel de gestion de la sant\u00e9 est un outil de gestion de la sant\u00e9, leader sur le march\u00e9 autrichien des logiciels de soins mobiles. <strong>JAMES<\/strong> a \u00e9t\u00e9 d\u00e9velopp\u00e9 en collaboration \u00e9troite avec des universit\u00e9s et des experts de la sant\u00e9 renomm\u00e9s.<\/p>\n<h3>Le r\u00e9sultat :<\/h3>\n<p>Un produit qui sauve des vies avec une utilisation tr\u00e8s simple et une technologie innovante. Ces qualit\u00e9s sont \u00e9galement appr\u00e9ci\u00e9es par nos milliers de clients satisfaits en Europe et en Am\u00e9rique du Nord.<\/p>\n<h3>Service et qualit\u00e9 de haut niveau<\/h3>\n<p>Le site <strong>L'\u00e9quipe JAMES<\/strong> est l\u00e0 pour vous et se fera un plaisir de r\u00e9pondre \u00e0 toutes vos questions concernant les <strong>Produits JAMES<\/strong> \u00e0.<\/p>\n<p>\t\t\t<a href=\"http:\/\/www.ilogs.care\" target=\"_blank\" role=\"button\" rel=\"noopener\"><br \/>\n\t\t\t\t\t\tPlus d'infos sur ilogs &gt;<br \/>\n\t\t\t\t\t<\/a><br \/>\n\t\t\t\t\t\t\t\t\t\t\t\t<img decoding=\"async\" width=\"1000\" height=\"667\" src=\"https:\/\/james.care\/wp-content\/uploads\/2021\/04\/job_healthcare_image.png\" alt=\"Bildcollage. Senior bekommt die ilogs healthcare L\u00f6sungen erkl\u00e4rt.\" loading=\"lazy\" srcset=\"https:\/\/james.care\/wp-content\/uploads\/2021\/04\/job_healthcare_image.png 1000w, https:\/\/james.care\/wp-content\/uploads\/2021\/04\/job_healthcare_image-300x200.png 300w, https:\/\/james.care\/wp-content\/uploads\/2021\/04\/job_healthcare_image-768x512.png 768w, https:\/\/james.care\/wp-content\/uploads\/2021\/04\/job_healthcare_image-600x400.png 600w\" sizes=\"auto, (max-width: 1000px) 100vw, 1000px\" \/><br \/>\n\t\t\t\t\t\tGr\u00e2ce au bracelet d'appel d'urgence JAMES, je suis toujours au courant du bien-\u00eatre de ma m\u00e8re. L'APP m'indique ses pas quotidiens. Si je ne remarque aucun mouvement avant midi, je peux lui demander \u00e0 tout moment si elle va bien.<br \/>\n\t\t\t\t\t\t\t\t<cite>Mme GoritschnigFille inqui\u00e8te<\/cite><br \/>\n\t\t\t\t\t\tDepuis que j'ai le JAMES B6 avec moi lors de mes promenades, je me sens beaucoup plus en s\u00e9curit\u00e9. Si je tombe, je n'ai plus \u00e0 craindre de devoir attendre longtemps les secours. J'appuie simplement sur le bouton d'appel d'urgence et mon fils est appel\u00e9. De plus, la montre est tr\u00e8s tendance.<br \/>\n\t\t\t\t\t\t\t\t<cite>M. AssingerR\u00e9actif senior<\/cite><br \/>\n\t\t\t\t\t\tJe vis seule et je souffre de vertiges. Il y a peu de temps, je me suis \u00e9vanouie dans la cuisine et me suis cogn\u00e9 la t\u00eate. Mais le d\u00e9tecteur de chute de la superbe montre JAMES a r\u00e9agi imm\u00e9diatement et, peu de temps apr\u00e8s, il a automatiquement appel\u00e9 mon centre d'appels d'urgence. Depuis JAMES, je me sens plus en s\u00e9curit\u00e9 que jamais dans ma propre maison.<br \/>\n\t\t\t\t\t\t\t\t<cite>Mme FritzS\u00e9nior vivant seule<\/cite><br \/>\n\t\t\t\t\t\tMon p\u00e8re est atteint de d\u00e9mence et vit dans une maison de retraite. Pour sa s\u00e9curit\u00e9, il porte la montre d'appel d'urgence S6 de JAMES avec protection contre les fugues. De plus, son organisation de soins utilise la tablette JAMES pour la visiophonie. Gr\u00e2ce \u00e0 la tablette, je peux le voir sans souci par appel vid\u00e9o, m\u00eame pendant la pand\u00e9mie.<br \/>\n\t\t\t\t\t\t\t\t<cite>Mme HuberFille d'un patient atteint de d\u00e9mence<\/cite><br \/>\n\t\t\t\t\t\t\t\t\t\t\t\t\t\tPr\u00e9c\u00e9dent<br \/>\n\t\t\t\t\t\t\t\t\t\t\t\t\t\tProchain<\/p>","protected":false},"excerpt":{"rendered":"<p>Der mobile Hausnotruf, der Leben rettet. Hilfe ist nur einen Knopfdruck entfernt. Die JAMES Notrufuhren schenken Senioren, deren Angeh\u00f6rigen und Pflegern neue Sicherheit.\u00a0 ..viele weitere JAMES Partner, sowie viele Sozialverb\u00e4nde und Pflegeheime. Jetzt bestellen ! Mehr Informationen Produkte entdecken SICHERHEIT JAMES erm\u00f6glicht den mobilen Hausnotruf auf Knopfdruck. Im Notfall wird ein Anruf zwischen Ihnen und [&hellip;]<\/p>\n","protected":false},"author":2,"featured_media":0,"parent":0,"menu_order":0,"comment_status":"closed","ping_status":"closed","template":"","meta":{"_acf_changed":false,"_breakdance_hide_in_design_set":false,"_breakdance_tags":"","footnotes":""},"class_list":["post-61","page","type-page","status-publish","hentry"],"acf":[],"_links":{"self":[{"href":"https:\/\/james.care\/fr\/wp-json\/wp\/v2\/pages\/61","targetHints":{"allow":["GET"]}}],"collection":[{"href":"https:\/\/james.care\/fr\/wp-json\/wp\/v2\/pages"}],"about":[{"href":"https:\/\/james.care\/fr\/wp-json\/wp\/v2\/types\/page"}],"author":[{"embeddable":true,"href":"https:\/\/james.care\/fr\/wp-json\/wp\/v2\/users\/2"}],"replies":[{"embeddable":true,"href":"https:\/\/james.care\/fr\/wp-json\/wp\/v2\/comments?post=61"}],"version-history":[{"count":0,"href":"https:\/\/james.care\/fr\/wp-json\/wp\/v2\/pages\/61\/revisions"}],"wp:attachment":[{"href":"https:\/\/james.care\/fr\/wp-json\/wp\/v2\/media?parent=61"}],"curies":[{"name":"wp","href":"https:\/\/api.w.org\/{rel}","templated":true}]}}