{"id":57093,"date":"2024-07-03T08:48:10","date_gmt":"2024-07-03T06:48:10","guid":{"rendered":"https:\/\/james.care\/?page_id=57093"},"modified":"2024-07-18T08:40:38","modified_gmt":"2024-07-18T06:40:38","slug":"vergleich","status":"publish","type":"page","link":"https:\/\/james.care\/fr\/vergleich\/","title":{"rendered":"Tableau comparatif - toutes les montres d'appel d'urgence JAMES en un coup d'\u0153il"},"content":{"rendered":"<section class=\"bde-section-57093-100 bde-section\">\n              \n  \n  \n\t\n\n  <div class=\"section-background-overlay\"><\/div>\n\n\n<div class=\"section-container\"><h2 class=\"bde-heading-57093-101 bde-heading\">\nComparaison des montres d'appel d'urgence JAMES\n<\/h2><div class=\"bde-rich-text-57093-110 bde-rich-text breakdance-rich-text-styles\">\n<p>Tous les mod\u00e8les de montre d'appel d'urgence JAMES r\u00e9pondent aux crit\u00e8res d'une montre d'appel d'urgence. Mais il existe des diff\u00e9rences au niveau de l'apparence et de la fonction. <strong>Trouvez la montre qui vous convient !<\/strong><\/p>\n<\/div><div class=\"bde-columns-57093-103 bde-columns\"><div class=\"bde-column-57093-104 bde-column\">\n  \n  \n\t\n\n\n\n<h4 class=\"bde-heading-57093-105 bde-heading\">\nCommander maintenant\n<\/h4><div class=\"bde-text-57093-106 bde-text\">\ny compris 30 jours de tarif d'appel d'urgence gratuit\n<\/div>\n<\/div><div class=\"bde-column-57093-107 bde-column\">\n  \n  \n\t\n\n\n\n<div class=\"bde-button-57093-108 bde-button\">\n    \n                        \n                        \n    \n    \n    \n    \n            \n            <button type=\"button\" class=\"button-atom button-atom--secondary bde-button__button\"  >\n    \n        <span class=\"button-atom__text\">acc\u00e9der \u00e0 la boutique<\/span>\n\n        \n        \n            <\/button>\n    \n\n\n<\/div>\n<\/div><\/div><\/div>\n<\/section>","protected":false},"excerpt":{"rendered":"<p>Comparaison des montres d'appel d'urgence JAMES Tous les mod\u00e8les de montres d'appel d'urgence JAMES r\u00e9pondent aux crit\u00e8res d'une montre d'appel d'urgence. Mais il y a des diff\u00e9rences au niveau de l'apparence et aussi de la fonction. Trouvez la montre qui vous convient ! Commandez maintenant, y compris 30 jours de tarif d'appel d'urgence gratuit vers le shop<\/p>","protected":false},"author":1,"featured_media":0,"parent":0,"menu_order":0,"comment_status":"closed","ping_status":"closed","template":"","meta":{"_acf_changed":false,"_breakdance_hide_in_design_set":false,"_breakdance_tags":"","footnotes":""},"class_list":["post-57093","page","type-page","status-publish","hentry"],"acf":[],"_links":{"self":[{"href":"https:\/\/james.care\/fr\/wp-json\/wp\/v2\/pages\/57093","targetHints":{"allow":["GET"]}}],"collection":[{"href":"https:\/\/james.care\/fr\/wp-json\/wp\/v2\/pages"}],"about":[{"href":"https:\/\/james.care\/fr\/wp-json\/wp\/v2\/types\/page"}],"author":[{"embeddable":true,"href":"https:\/\/james.care\/fr\/wp-json\/wp\/v2\/users\/1"}],"replies":[{"embeddable":true,"href":"https:\/\/james.care\/fr\/wp-json\/wp\/v2\/comments?post=57093"}],"version-history":[{"count":0,"href":"https:\/\/james.care\/fr\/wp-json\/wp\/v2\/pages\/57093\/revisions"}],"wp:attachment":[{"href":"https:\/\/james.care\/fr\/wp-json\/wp\/v2\/media?parent=57093"}],"curies":[{"name":"wp","href":"https:\/\/api.w.org\/{rel}","templated":true}]}}