{"id":3966,"date":"2021-06-10T11:01:53","date_gmt":"2021-06-10T09:01:53","guid":{"rendered":"https:\/\/beta.myjames.shop\/?page_id=3966"},"modified":"2021-06-28T13:56:43","modified_gmt":"2021-06-28T11:56:43","slug":"versand-retouren","status":"publish","type":"page","link":"https:\/\/james.care\/fr\/versand-retouren\/","title":{"rendered":"Exp\u00e9dition &amp; retours"},"content":{"rendered":"<h1>Exp\u00e9dition &amp; retours<\/h1>\n<h2>Exp\u00e9dition<\/h2>\n<ul>\n<li>Actuellement, nous livrons en Autriche et en Allemagne. Le site <strong>Paquets JAMES<\/strong> sont compar\u00e9s \u00e0 la m\u00e9thode utilis\u00e9e avec <em>Poste autrichienne AG<\/em> et <em>Bo\u00eetes aux lettres Etc.<\/em> livr\u00e9e.<\/li>\n<li>Veuillez nous laisser un peu de temps pour pr\u00e9parer votre commande pour l'exp\u00e9dition. En r\u00e8gle g\u00e9n\u00e9rale, nous exp\u00e9dions les commandes dans les 48 heures, mais pour certaines commandes, cela peut prendre un peu plus de temps.<\/li>\n<li>Si votre colis a d\u00e9j\u00e0 \u00e9t\u00e9 exp\u00e9di\u00e9 mais n'est pas encore arriv\u00e9 chez vous, veuillez d'abord v\u00e9rifier si le colis a \u00e9t\u00e9 d\u00e9pos\u00e9 dans votre quartier. Si ce n'est pas le cas et que le statut d'exp\u00e9dition n'a pas chang\u00e9 depuis cinq jours, veuillez prendre contact avec nous. <a href=\"mailto: hilfe@myjames.shop\">Contact<\/a> sur.<\/li>\n<\/ul>\n<h3>Autriche<\/h3>\n<p>Nous exp\u00e9dions votre colis dans les 3 jours ouvrables. Apr\u00e8s la date d'exp\u00e9dition, votre commande vous parviendra dans les 2 \u00e0 5 jours ouvrables suivants.\u00a0<\/p>\n<p>Frais de livraison :<strong> \u20ac 4,90<\/strong>.\u00a0<\/p>\n<h3>Allemagne<\/h3>\n<p>Nous exp\u00e9dions votre colis dans les 3 jours ouvrables. Apr\u00e8s la date d'exp\u00e9dition, votre commande vous parviendra dans les 2 \u00e0 5 jours ouvrables suivants.\u00a0<\/p>\n<p>Frais de livraison :<strong> \u20ac 8,-<\/strong>.\u00a0<\/p>\n<h2>Retours<\/h2>\n<p>Vous pouvez utiliser votre <strong>Produit JAMES<\/strong> \u00e0 l'adresse <strong>14 jours <\/strong>nous retourner en utilisant votre <strong><a href=\"https:\/\/james.care\/fr\/widerruf\/\">Droit de r\u00e9tractation<\/a> <\/strong>de l'utilisation de ce service. Pour ce faire, veuillez contacter notre <strong><a href=\"mailto: hilfe@myjames.shop\">Support client<\/a> <\/strong>ou envoyez-nous directement un formulaire rempli<a href=\"https:\/\/james.care\/wp-content\/uploads\/2021\/04\/Muster-Widerrufsformular_Shop.pdf\" target=\"_blank\" rel=\"noopener\"> Formulaire de r\u00e9tractation<\/a>. Vous recevrez un bon de retour avec une \u00e9tiquette de retour.<\/p>\n<p>Le montant de votre achat sera cr\u00e9dit\u00e9 dans les 14 jours suivant la r\u00e9ception de votre retour - toujours selon le mode de paiement que vous avez choisi lors de la commande.\u00a0<\/p>","protected":false},"excerpt":{"rendered":"<p>Versand &amp; Retouren Versand Aktuell liefern wir nach \u00d6sterreich und Deutschland. Die JAMES Pakete werden mit der mit der \u00d6sterreichischen Post AG und Mail Boxes Etc. zugestellt. Bitte geben Sie uns etwas Zeit, Ihre Bestellung f\u00fcr den Versand vorzubereiten. In der Regel versenden wir Bestellungen innerhalb von 48 Stunden, bei einigen Bestellungen kann es jedoch [&hellip;]<\/p>\n","protected":false},"author":2,"featured_media":0,"parent":0,"menu_order":0,"comment_status":"closed","ping_status":"closed","template":"","meta":{"_acf_changed":false,"_breakdance_hide_in_design_set":false,"_breakdance_tags":"","footnotes":""},"class_list":["post-3966","page","type-page","status-publish","hentry"],"acf":[],"_links":{"self":[{"href":"https:\/\/james.care\/fr\/wp-json\/wp\/v2\/pages\/3966","targetHints":{"allow":["GET"]}}],"collection":[{"href":"https:\/\/james.care\/fr\/wp-json\/wp\/v2\/pages"}],"about":[{"href":"https:\/\/james.care\/fr\/wp-json\/wp\/v2\/types\/page"}],"author":[{"embeddable":true,"href":"https:\/\/james.care\/fr\/wp-json\/wp\/v2\/users\/2"}],"replies":[{"embeddable":true,"href":"https:\/\/james.care\/fr\/wp-json\/wp\/v2\/comments?post=3966"}],"version-history":[{"count":0,"href":"https:\/\/james.care\/fr\/wp-json\/wp\/v2\/pages\/3966\/revisions"}],"wp:attachment":[{"href":"https:\/\/james.care\/fr\/wp-json\/wp\/v2\/media?parent=3966"}],"curies":[{"name":"wp","href":"https:\/\/api.w.org\/{rel}","templated":true}]}}