{"id":27121,"date":"2023-05-08T16:38:17","date_gmt":"2023-05-08T14:38:17","guid":{"rendered":"https:\/\/myjames.shop\/?page_id=27121"},"modified":"2024-12-05T12:48:56","modified_gmt":"2024-12-05T11:48:56","slug":"demenz","status":"publish","type":"page","link":"https:\/\/james.care\/fr\/demenz\/","title":{"rendered":"D\u00e9mence - JAMES chez les personnes atteintes de d\u00e9mence"},"content":{"rendered":"<section class=\"bde-section-27121-107 bde-section\">\n  \n  \n\t\n\n\n\n<div class=\"section-container\"><div class=\"bde-columns-27121-108 bde-columns\"><div class=\"bde-column-27121-109 bde-column\">\n  \n  \n\t\n\n\n\n<h1 class=\"bde-heading-27121-111 bde-heading\">\nPersonnes d\u00e9mentes<br>trouver en toute s\u00e9curit\u00e9 &amp; rapidement\n<\/h1><div class=\"bde-rich-text-27121-112 bde-rich-text breakdance-rich-text-styles\">\n<p>Avec la couverture compl\u00e9mentaire \" D\u00e9mence \", vous offrez aux membres de votre famille d\u00e9sorient\u00e9s une protection optimale avec des restrictions minimales de leur libert\u00e9 personnelle.<\/p>\n<\/div>\n<\/div><div class=\"bde-column-27121-113 bde-column\">\n  \n  \n\t\n\n\n\n\n<\/div><\/div><\/div>\n<\/section><section class=\"bde-section-27121-116 bde-section\">\n  \n  \n\t\n\n\n\n<div class=\"section-container\"><div class=\"bde-columns-27121-117 bde-columns\"><div class=\"bde-column-27121-118 bde-column\">\n  \n  \n\t\n\n\n\n<div class=\"bde-image-27121-119 bde-image\">\n<figure class=\"breakdance-image breakdance-image--27297\">\n\t<div class=\"breakdance-image-container\">\n\t\t<div class=\"breakdance-image-clip\"><img decoding=\"async\" class=\"breakdance-image-object\" src=\"https:\/\/james.care\/wp-content\/uploads\/2023\/05\/b7_Front_standardscren-600x600.png\" width=\"600\" height=\"600\" srcset=\"https:\/\/james.care\/wp-content\/uploads\/2023\/05\/b7_Front_standardscren.png 1500w, https:\/\/james.care\/wp-content\/uploads\/2023\/05\/b7_Front_standardscren-300x300.png 300w, https:\/\/james.care\/wp-content\/uploads\/2023\/05\/b7_Front_standardscren-1024x1024.png 1024w, https:\/\/james.care\/wp-content\/uploads\/2023\/05\/b7_Front_standardscren-150x150.png 150w, https:\/\/james.care\/wp-content\/uploads\/2023\/05\/b7_Front_standardscren-768x768.png 768w, https:\/\/james.care\/wp-content\/uploads\/2023\/05\/b7_Front_standardscren-600x600.png 600w, https:\/\/james.care\/wp-content\/uploads\/2023\/05\/b7_Front_standardscren-100x100.png 100w\" sizes=\"auto, (max-width: 1500px) 100vw, 1500px\" loading=\"lazy\"><\/div>\n\t<\/div><\/figure>\n\n<\/div><div class=\"bde-rich-text-27121-120 bde-rich-text breakdance-rich-text-styles\">\n<h3>Une protection intelligente au quotidien<\/h3>\n<p>Lorsque des membres de la famille d\u00e9sorient\u00e9s pr\u00e9sentent une tendance \u00e0 la marche, cela repr\u00e9sente un d\u00e9fi particulier pour leurs proches. Les syst\u00e8mes de surveillance \u00e9lectroniques aux sorties des portes sont souvent tr\u00e8s co\u00fbteux ou pratiquement impossibles \u00e0 mettre en \u0153uvre. Une solution innovante \u00e0 ce probl\u00e8me est offerte par la <strong>JAMES montre d'appel d'urgence avec l'extension d\u00e9mence (tarif suppl\u00e9mentaire)<\/strong><\/p>\n<p>Les personnes ayant tendance \u00e0 la fugue (\u00e9galement appel\u00e9es \"personnes susceptibles de fuguer\") peuvent porter la montre discr\u00e8te JAMES-Demen, sp\u00e9cialement con\u00e7ue pour une utilisation permanente au poignet. La montre est \u00e9quip\u00e9e d'une carte SIM et dispose d'excellentes fonctions de localisation (GPS et WLAN). En option, vous pouvez utiliser le <strong>Localisateur JAMES<\/strong> commander pour am\u00e9nager individuellement des zones d'activit\u00e9 physique sur le lieu de r\u00e9sidence.<\/p>\n<\/div>\n<\/div><div class=\"bde-column-27121-121 bde-column\">\n  \n  \n\t\n\n\n\n<div class=\"bde-icon-list-27121-122 bde-icon-list\">\n<ul>\n  \n              \n    <li>\n              <div class='bde-icon-list__item-wrapper'>\n      \n      <span class='bde-icon-list__icon'>\n        <svg xmlns=\"http:\/\/www.w3.org\/2000\/svg\" viewbox=\"0 0 512 512\"><!-- Font Awesome Free 5.15.1 by @fontawesome - https:\/\/fontawesome.com License - https:\/\/fontawesome.com\/license\/free (Icons: CC BY 4.0, Fonts: SIL OFL 1.1, Code: MIT License) --><path d=\"M504 256c0 136.967-111.033 248-248 248S8 392.967 8 256 119.033 8 256 8s248 111.033 248 248zM227.314 387.314l184-184c6.248-6.248 6.248-16.379 0-22.627l-22.627-22.627c-6.248-6.249-16.379-6.249-22.628 0L216 308.118l-70.059-70.059c-6.248-6.248-16.379-6.248-22.628 0l-22.627 22.627c-6.248 6.248-6.248 16.379 0 22.627l104 104c6.249 6.249 16.379 6.249 22.628.001z\"\/><\/svg>\n      <\/span>\n      <span class='bde-icon-list__text' >\n      Fonctionne avec toutes les montres d'appel d'urgence JAMES\n      <\/span>\n              <\/div>\n      \n    <\/li>\n\n  \n              \n    <li>\n              <div class='bde-icon-list__item-wrapper'>\n      \n      <span class='bde-icon-list__icon'>\n        <svg xmlns=\"http:\/\/www.w3.org\/2000\/svg\" viewbox=\"0 0 512 512\"><!-- Font Awesome Free 5.15.1 by @fontawesome - https:\/\/fontawesome.com License - https:\/\/fontawesome.com\/license\/free (Icons: CC BY 4.0, Fonts: SIL OFL 1.1, Code: MIT License) --><path d=\"M504 256c0 136.967-111.033 248-248 248S8 392.967 8 256 119.033 8 256 8s248 111.033 248 248zM227.314 387.314l184-184c6.248-6.248 6.248-16.379 0-22.627l-22.627-22.627c-6.248-6.249-16.379-6.249-22.628 0L216 308.118l-70.059-70.059c-6.248-6.248-16.379-6.248-22.628 0l-22.627 22.627c-6.248 6.248-6.248 16.379 0 22.627l104 104c6.249 6.249 16.379 6.249 22.628.001z\"\/><\/svg>\n      <\/span>\n      <span class='bde-icon-list__text' >\n      Une protection efficace en cas de d\u00e9mence\n      <\/span>\n              <\/div>\n      \n    <\/li>\n\n  \n              \n    <li>\n              <div class='bde-icon-list__item-wrapper'>\n      \n      <span class='bde-icon-list__icon'>\n        <svg xmlns=\"http:\/\/www.w3.org\/2000\/svg\" viewbox=\"0 0 512 512\"><!-- Font Awesome Free 5.15.1 by @fontawesome - https:\/\/fontawesome.com License - https:\/\/fontawesome.com\/license\/free (Icons: CC BY 4.0, Fonts: SIL OFL 1.1, Code: MIT License) --><path d=\"M504 256c0 136.967-111.033 248-248 248S8 392.967 8 256 119.033 8 256 8s248 111.033 248 248zM227.314 387.314l184-184c6.248-6.248 6.248-16.379 0-22.627l-22.627-22.627c-6.248-6.249-16.379-6.249-22.628 0L216 308.118l-70.059-70.059c-6.248-6.248-16.379-6.248-22.628 0l-22.627 22.627c-6.248 6.248-6.248 16.379 0 22.627l104 104c6.249 6.249 16.379 6.249 22.628.001z\"\/><\/svg>\n      <\/span>\n      <span class='bde-icon-list__text' >\n      Alarme en cas de fugue (tendance \u00e0 la marche)\n      <\/span>\n              <\/div>\n      \n    <\/li>\n\n  \n              \n    <li>\n              <div class='bde-icon-list__item-wrapper'>\n      \n      <span class='bde-icon-list__icon'>\n        <svg xmlns=\"http:\/\/www.w3.org\/2000\/svg\" viewbox=\"0 0 512 512\"><!-- Font Awesome Free 5.15.1 by @fontawesome - https:\/\/fontawesome.com License - https:\/\/fontawesome.com\/license\/free (Icons: CC BY 4.0, Fonts: SIL OFL 1.1, Code: MIT License) --><path d=\"M504 256c0 136.967-111.033 248-248 248S8 392.967 8 256 119.033 8 256 8s248 111.033 248 248zM227.314 387.314l184-184c6.248-6.248 6.248-16.379 0-22.627l-22.627-22.627c-6.248-6.249-16.379-6.249-22.628 0L216 308.118l-70.059-70.059c-6.248-6.248-16.379-6.248-22.628 0l-22.627 22.627c-6.248 6.248-6.248 16.379 0 22.627l104 104c6.249 6.249 16.379 6.249 22.628.001z\"\/><\/svg>\n      <\/span>\n      <span class='bde-icon-list__text' >\n      Trouver rapidement les proches d\u00e9sorient\u00e9s\n      <\/span>\n              <\/div>\n      \n    <\/li>\n\n  \n              \n    <li>\n              <div class='bde-icon-list__item-wrapper'>\n      \n      <span class='bde-icon-list__icon'>\n        <svg xmlns=\"http:\/\/www.w3.org\/2000\/svg\" viewbox=\"0 0 512 512\"><!-- Font Awesome Free 5.15.1 by @fontawesome - https:\/\/fontawesome.com License - https:\/\/fontawesome.com\/license\/free (Icons: CC BY 4.0, Fonts: SIL OFL 1.1, Code: MIT License) --><path d=\"M504 256c0 136.967-111.033 248-248 248S8 392.967 8 256 119.033 8 256 8s248 111.033 248 248zM227.314 387.314l184-184c6.248-6.248 6.248-16.379 0-22.627l-22.627-22.627c-6.248-6.249-16.379-6.249-22.628 0L216 308.118l-70.059-70.059c-6.248-6.248-16.379-6.248-22.628 0l-22.627 22.627c-6.248 6.248-6.248 16.379 0 22.627l104 104c6.249 6.249 16.379 6.249 22.628.001z\"\/><\/svg>\n      <\/span>\n      <span class='bde-icon-list__text' >\n      Soulager la famille\n      <\/span>\n              <\/div>\n      \n    <\/li>\n\n  \n              \n    <li>\n              <div class='bde-icon-list__item-wrapper'>\n      \n      <span class='bde-icon-list__icon'>\n        <svg xmlns=\"http:\/\/www.w3.org\/2000\/svg\" viewbox=\"0 0 512 512\"><!-- Font Awesome Free 5.15.1 by @fontawesome - https:\/\/fontawesome.com License - https:\/\/fontawesome.com\/license\/free (Icons: CC BY 4.0, Fonts: SIL OFL 1.1, Code: MIT License) --><path d=\"M504 256c0 136.967-111.033 248-248 248S8 392.967 8 256 119.033 8 256 8s248 111.033 248 248zM227.314 387.314l184-184c6.248-6.248 6.248-16.379 0-22.627l-22.627-22.627c-6.248-6.249-16.379-6.249-22.628 0L216 308.118l-70.059-70.059c-6.248-6.248-16.379-6.248-22.628 0l-22.627 22.627c-6.248 6.248-6.248 16.379 0 22.627l104 104c6.249 6.249 16.379 6.249 22.628.001z\"\/><\/svg>\n      <\/span>\n      <span class='bde-icon-list__text' >\n      Un quotidien sans souci\n      <\/span>\n              <\/div>\n      \n    <\/li>\n\n  \n              \n    <li>\n              <div class='bde-icon-list__item-wrapper'>\n      \n      <span class='bde-icon-list__icon'>\n        <svg xmlns=\"http:\/\/www.w3.org\/2000\/svg\" viewbox=\"0 0 512 512\"><!-- Font Awesome Free 5.15.1 by @fontawesome - https:\/\/fontawesome.com License - https:\/\/fontawesome.com\/license\/free (Icons: CC BY 4.0, Fonts: SIL OFL 1.1, Code: MIT License) --><path d=\"M504 256c0 136.967-111.033 248-248 248S8 392.967 8 256 119.033 8 256 8s248 111.033 248 248zM227.314 387.314l184-184c6.248-6.248 6.248-16.379 0-22.627l-22.627-22.627c-6.248-6.249-16.379-6.249-22.628 0L216 308.118l-70.059-70.059c-6.248-6.248-16.379-6.248-22.628 0l-22.627 22.627c-6.248 6.248-6.248 16.379 0 22.627l104 104c6.249 6.249 16.379 6.249 22.628.001z\"\/><\/svg>\n      <\/span>\n      <span class='bde-icon-list__text' >\n      App- &amp; portail web pour les proches\n      <\/span>\n              <\/div>\n      \n    <\/li>\n\n  \n              \n    <li>\n              <div class='bde-icon-list__item-wrapper'>\n      \n      <span class='bde-icon-list__icon'>\n        <svg xmlns=\"http:\/\/www.w3.org\/2000\/svg\" viewbox=\"0 0 512 512\"><!-- Font Awesome Free 5.15.1 by @fontawesome - https:\/\/fontawesome.com License - https:\/\/fontawesome.com\/license\/free (Icons: CC BY 4.0, Fonts: SIL OFL 1.1, Code: MIT License) --><path d=\"M504 256c0 136.967-111.033 248-248 248S8 392.967 8 256 119.033 8 256 8s248 111.033 248 248zM227.314 387.314l184-184c6.248-6.248 6.248-16.379 0-22.627l-22.627-22.627c-6.248-6.249-16.379-6.249-22.628 0L216 308.118l-70.059-70.059c-6.248-6.248-16.379-6.248-22.628 0l-22.627 22.627c-6.248 6.248-6.248 16.379 0 22.627l104 104c6.249 6.249 16.379 6.249 22.628.001z\"\/><\/svg>\n      <\/span>\n      <span class='bde-icon-list__text' >\n      Localisation \u00e0 l'int\u00e9rieur avec JAMES-Locator (en option)\n      <\/span>\n              <\/div>\n      \n    <\/li>\n\n  \n              \n    <li>\n              <div class='bde-icon-list__item-wrapper'>\n      \n      <span class='bde-icon-list__icon'>\n        <svg xmlns=\"http:\/\/www.w3.org\/2000\/svg\" viewbox=\"0 0 512 512\"><!-- Font Awesome Free 5.15.1 by @fontawesome - https:\/\/fontawesome.com License - https:\/\/fontawesome.com\/license\/free (Icons: CC BY 4.0, Fonts: SIL OFL 1.1, Code: MIT License) --><path d=\"M256 8C119 8 8 119 8 256s111 248 248 248 248-111 248-248S393 8 256 8zm0 448c-110.5 0-200-89.5-200-200S145.5 56 256 56s200 89.5 200 200-89.5 200-200 200z\"\/><\/svg>\n      <\/span>\n      <span class='bde-icon-list__text' >\n      Centrale d'appel d'urgence 24h\/24 et 7j\/7 (en option)\n      <\/span>\n              <\/div>\n      \n    <\/li>\n\n  \n              \n    <li>\n              <div class='bde-icon-list__item-wrapper'>\n      \n      <span class='bde-icon-list__icon'>\n        <svg xmlns=\"http:\/\/www.w3.org\/2000\/svg\" viewbox=\"0 0 512 512\"><!-- Font Awesome Free 5.15.1 by @fontawesome - https:\/\/fontawesome.com License - https:\/\/fontawesome.com\/license\/free (Icons: CC BY 4.0, Fonts: SIL OFL 1.1, Code: MIT License) --><path d=\"M256 8C119 8 8 119 8 256s111 248 248 248 248-111 248-248S393 8 256 8zm0 448c-110.5 0-200-89.5-200-200S145.5 56 256 56s200 89.5 200 200-89.5 200-200 200z\"\/><\/svg>\n      <\/span>\n      <span class='bde-icon-list__text' >\n      Bracelet verrouillable (en option)\n      <\/span>\n              <\/div>\n      \n    <\/li>\n\n  <\/ul>\n\n<\/div>\n<\/div><\/div><\/div>\n<\/section><section class=\"bde-section-27121-124 bde-section\">\n  \n  \n\t\n\n\n\n<div class=\"section-container\"><div class=\"bde-columns-27121-126 bde-columns\"><div class=\"bde-column-27121-127 bde-column\">\n  \n  \n\t\n\n\n\n<h4 class=\"bde-heading-27121-128 bde-heading\">\nLocalisation active\n<\/h4><div class=\"bde-div-27121-129 bde-div\">\n  \n  \n\t\n\n\n\n<div class=\"bde-columns-27121-130 bde-columns\"><div class=\"bde-column-27121-131 bde-column\">\n  \n  \n\t\n\n\n\n<div class=\"bde-rich-text-27121-132 bde-rich-text breakdance-rich-text-styles\">\n<p>Si le porteur de la montre ne se trouve pas \u00e0 l'endroit pr\u00e9vu \u00e0 un moment donn\u00e9 (par exemple dans le salon), le proche soignant peut activement demander la position du porteur de la montre via un PC, une tablette ou un smartphone. Ensuite, la personne concern\u00e9e peut \u00eatre ramen\u00e9e en toute s\u00e9curit\u00e9.<\/p>\n<\/div>\n<\/div><div class=\"bde-column-27121-133 bde-column\">\n  \n  \n\t\n\n\n\n<div class=\"bde-image-27121-134 bde-image\">\n<figure class=\"breakdance-image breakdance-image--43983\">\n\t<div class=\"breakdance-image-container\">\n\t\t<div class=\"breakdance-image-clip\"><img loading=\"lazy\" decoding=\"async\" class=\"breakdance-image-object\" src=\"https:\/\/james.care\/wp-content\/uploads\/2024\/03\/demenz_location.png\" width=\"115\" height=\"129\" srcset=\"https:\/\/james.care\/wp-content\/uploads\/2024\/03\/demenz_location.png 115w, https:\/\/james.care\/wp-content\/uploads\/2024\/03\/demenz_location-11x12.png 11w\" sizes=\"auto, (max-width: 115px) 100vw, 115px\"><\/div>\n\t<\/div><\/figure>\n\n<\/div>\n<\/div><\/div>\n<\/div>\n<\/div><div class=\"bde-column-27121-135 bde-column\">\n  \n  \n\t\n\n\n\n<div class=\"bde-image-27121-148 bde-image\">\n<figure class=\"breakdance-image breakdance-image--27337\">\n\t<div class=\"breakdance-image-container\">\n\t\t<div class=\"breakdance-image-clip\"><img loading=\"lazy\" decoding=\"async\" class=\"breakdance-image-object\" src=\"https:\/\/james.care\/wp-content\/uploads\/2023\/05\/james_locator-259x300.webp\" width=\"259\" height=\"300\" srcset=\"https:\/\/james.care\/wp-content\/uploads\/2023\/05\/james_locator-259x300.webp 259w, https:\/\/james.care\/wp-content\/uploads\/2023\/05\/james_locator-885x1024.webp 885w, https:\/\/james.care\/wp-content\/uploads\/2023\/05\/james_locator-768x888.webp 768w, https:\/\/james.care\/wp-content\/uploads\/2023\/05\/james_locator-600x694.webp 600w, https:\/\/james.care\/wp-content\/uploads\/2023\/05\/james_locator.webp 1074w\" sizes=\"auto, (max-width: 259px) 100vw, 259px\"><\/div>\n\t<\/div><\/figure>\n\n<\/div><div class=\"bde-text-27121-149 bde-text\">\nJAMES-Locator pour la localisation \u00e0 l'int\u00e9rieur des pi\u00e8ces d'habitation<br>et pour cr\u00e9er des zones de mouvement.\n<\/div>\n<\/div><\/div><div class=\"bde-columns-27121-136 bde-columns\"><div class=\"bde-column-27121-137 bde-column\">\n  \n  \n\t\n\n\n\n<h4 class=\"bde-heading-27121-138 bde-heading\">\nSortir de la zone de mouvement\n<\/h4><div class=\"bde-div-27121-139 bde-div\">\n  \n  \n\t\n\n\n\n<div class=\"bde-columns-27121-140 bde-columns\"><div class=\"bde-column-27121-141 bde-column\">\n  \n  \n\t\n\n\n\n<div class=\"bde-rich-text-27121-142 bde-rich-text breakdance-rich-text-styles\">\n<p>Pour les personnes concern\u00e9es qui ne devraient g\u00e9n\u00e9ralement pas quitter leur domicile, le syst\u00e8me JAMES permet de d\u00e9finir tr\u00e8s facilement une zone de mouvement. Cette zone a un diam\u00e8tre minimal de 100 m\u00e8tres.<\/p>\n<p>D\u00e8s que le porteur\/la porteuse de la montre quitte cette zone, une alarme se d\u00e9clenche apr\u00e8s quelques minutes. Un ou plusieurs num\u00e9ros de t\u00e9l\u00e9phone pr\u00e9d\u00e9finis (par ex. de membres de la famille) sont automatiquement inform\u00e9s et avertis que la personne a quitt\u00e9 la zone. Ensuite, la personne disparue peut \u00eatre rapidement localis\u00e9e et ramen\u00e9e en toute s\u00e9curit\u00e9.<\/p>\n<p>\u00a0<\/p>\n<\/div>\n<\/div><div class=\"bde-column-27121-143 bde-column\">\n  \n  \n\t\n\n\n\n<div class=\"bde-text-27121-144 bde-text\">\nZone de mouvement sur le lieu de r\u00e9sidence\n<\/div><div class=\"bde-image-27121-145 bde-image\">\n<figure class=\"breakdance-image breakdance-image--43984\">\n\t<div class=\"breakdance-image-container\">\n\t\t<div class=\"breakdance-image-clip\"><img loading=\"lazy\" decoding=\"async\" class=\"breakdance-image-object\" src=\"https:\/\/james.care\/wp-content\/uploads\/2024\/03\/demenz_zone.png\" width=\"257\" height=\"148\" srcset=\"https:\/\/james.care\/wp-content\/uploads\/2024\/03\/demenz_zone.png 257w, https:\/\/james.care\/wp-content\/uploads\/2024\/03\/demenz_zone-18x10.png 18w\" sizes=\"auto, (max-width: 257px) 100vw, 257px\"><\/div>\n\t<\/div><\/figure>\n\n<\/div><div class=\"bde-text-27121-146 bde-text\">\nLe porteur de la montre quitte la zone de mouvement\n<\/div>\n<\/div><\/div>\n<\/div>\n<\/div><div class=\"bde-column-27121-147 bde-column\">\n  \n  \n\t\n\n\n\n\n<\/div><\/div><\/div>\n<\/section>","protected":false},"excerpt":{"rendered":"<p>Demente Personensicher &#038; schnell finden Mit dem Zusatztarif \u201eDemenz\u201c bieten Sie desorientierten Familienmitgliedern optimalen Schutz bei minimalen Einschr\u00e4nkungen ihrer pers\u00f6nlichen Freiheit. Smarter Schutz im Alltag Wenn desorientierte Familienangeh\u00f6rige eine Hinlauftendenz zeigen, stellt dies eine besondere Herausforderung f\u00fcr ihre Angeh\u00f6rigen dar. Elektronische \u00dcberwachungssysteme an T\u00fcrausg\u00e4ngen sind oft sehr teuer oder praktisch nicht umsetzbar. Eine innovative L\u00f6sung [&hellip;]<\/p>\n","protected":false},"author":1,"featured_media":0,"parent":0,"menu_order":0,"comment_status":"closed","ping_status":"closed","template":"","meta":{"_acf_changed":false,"_breakdance_hide_in_design_set":false,"_breakdance_tags":"","footnotes":""},"class_list":["post-27121","page","type-page","status-publish","hentry"],"acf":[],"_links":{"self":[{"href":"https:\/\/james.care\/fr\/wp-json\/wp\/v2\/pages\/27121","targetHints":{"allow":["GET"]}}],"collection":[{"href":"https:\/\/james.care\/fr\/wp-json\/wp\/v2\/pages"}],"about":[{"href":"https:\/\/james.care\/fr\/wp-json\/wp\/v2\/types\/page"}],"author":[{"embeddable":true,"href":"https:\/\/james.care\/fr\/wp-json\/wp\/v2\/users\/1"}],"replies":[{"embeddable":true,"href":"https:\/\/james.care\/fr\/wp-json\/wp\/v2\/comments?post=27121"}],"version-history":[{"count":0,"href":"https:\/\/james.care\/fr\/wp-json\/wp\/v2\/pages\/27121\/revisions"}],"wp:attachment":[{"href":"https:\/\/james.care\/fr\/wp-json\/wp\/v2\/media?parent=27121"}],"curies":[{"name":"wp","href":"https:\/\/api.w.org\/{rel}","templated":true}]}}