{"id":27004,"date":"2023-05-04T15:09:37","date_gmt":"2023-05-04T13:09:37","guid":{"rendered":"https:\/\/myjames.shop\/?page_id=27004"},"modified":"2023-12-02T13:28:01","modified_gmt":"2023-12-02T12:28:01","slug":"james-demenzuhr-der-wirksame-schutz-bei-demenz","status":"publish","type":"page","link":"https:\/\/james.care\/fr\/james-demenzuhr-der-wirksame-schutz-bei-demenz\/","title":{"rendered":"James montre de d\u00e9mence - la protection efficace en cas de d\u00e9mence"},"content":{"rendered":"<section class=\"bde-section-27004-100 bde-section\">\n  \n  \n\t\n\n\n\n<div class=\"section-container\"><div class=\"bde-columns-27004-101 bde-columns\"><div class=\"bde-column-27004-102 bde-column\">\n  \n  \n\t\n\n\n\n<div class=\"bde-image-27004-103 bde-image\">\n<figure class=\"breakdance-image breakdance-image--4840\">\n\t<div class=\"breakdance-image-container\">\n\t\t<div class=\"breakdance-image-clip\"><img loading=\"lazy\" decoding=\"async\" class=\"breakdance-image-object\" src=\"https:\/\/ilogs.care\/wp-content\/uploads\/2023\/04\/James_brand.png\" width=\"2343\" height=\"580\" srcset=\"https:\/\/ilogs.care\/wp-content\/uploads\/2023\/04\/James_brand.png 2343w, https:\/\/ilogs.care\/wp-content\/uploads\/2023\/04\/James_brand-300x74.png 300w, https:\/\/ilogs.care\/wp-content\/uploads\/2023\/04\/James_brand-1024x253.png 1024w, https:\/\/ilogs.care\/wp-content\/uploads\/2023\/04\/James_brand-768x190.png 768w, https:\/\/ilogs.care\/wp-content\/uploads\/2023\/04\/James_brand-1536x380.png 1536w, https:\/\/ilogs.care\/wp-content\/uploads\/2023\/04\/James_brand-2048x507.png 2048w, https:\/\/ilogs.care\/wp-content\/uploads\/2023\/04\/James_brand-600x149.png 600w\" sizes=\"auto, (max-width: 2343px) 100vw, 2343px\"><\/div>\n\t<\/div><\/figure>\n\n<\/div><h1 class=\"bde-heading-27004-104 bde-heading\">\nProches atteints de d\u00e9mence<br>trouver rapidement &amp; s\u00fbrement\n<\/h1><div class=\"bde-rich-text-27004-105 bde-rich-text breakdance-rich-text-styles\">\n<p>Avec la montre JAMES pour personnes atteintes de d\u00e9mence, votre proche d\u00e9sorient\u00e9 b\u00e9n\u00e9ficie de la meilleure protection possible avec une restriction minimale de sa libert\u00e9.<\/p>\n<\/div>\n<\/div><div class=\"bde-column-27004-106 bde-column\">\n  \n  \n\t\n\n\n\n\n<\/div><\/div><\/div>\n<\/section><section class=\"bde-section-27004-107 bde-section\">\n  \n  \n\t\n\n\n\n<div class=\"section-container\"><div class=\"bde-columns-27004-108 bde-columns\"><div class=\"bde-column-27004-109 bde-column\">\n  \n  \n\t\n\n\n\n<div class=\"bde-checkmark-list-27004-110 bde-checkmark-list\">\n<ul>\n  \n              \n              \n    <li>\n      <span class='bde-checkmark-list__icon bde-checkmark-list__icon_yes  bg-yes'>\n                  <svg xmlns=\"http:\/\/www.w3.org\/2000\/svg\" viewbox=\"0 0 24 24\"><path d=\"M18.71,7.21a1,1,0,0,0-1.42,0L9.84,14.67,6.71,11.53A1,1,0,1,0,5.29,13l3.84,3.84a1,1,0,0,0,1.42,0l8.16-8.16A1,1,0,0,0,18.71,7.21Z\"\/><\/svg>\n              <\/span>\n      <div >\n        Une protection efficace en cas de d\u00e9mence\n      <\/div>\n\n    <\/li>\n\n  \n              \n              \n    <li>\n      <span class='bde-checkmark-list__icon bde-checkmark-list__icon_yes  bg-yes'>\n                  <svg xmlns=\"http:\/\/www.w3.org\/2000\/svg\" viewbox=\"0 0 24 24\"><path d=\"M18.71,7.21a1,1,0,0,0-1.42,0L9.84,14.67,6.71,11.53A1,1,0,1,0,5.29,13l3.84,3.84a1,1,0,0,0,1.42,0l8.16-8.16A1,1,0,0,0,18.71,7.21Z\"\/><\/svg>\n              <\/span>\n      <div >\n        Trouver rapidement les marcheurs\n      <\/div>\n\n    <\/li>\n\n  \n              \n              \n    <li>\n      <span class='bde-checkmark-list__icon bde-checkmark-list__icon_yes  bg-yes'>\n                  <svg xmlns=\"http:\/\/www.w3.org\/2000\/svg\" viewbox=\"0 0 24 24\"><path d=\"M18.71,7.21a1,1,0,0,0-1.42,0L9.84,14.67,6.71,11.53A1,1,0,1,0,5.29,13l3.84,3.84a1,1,0,0,0,1.42,0l8.16-8.16A1,1,0,0,0,18.71,7.21Z\"\/><\/svg>\n              <\/span>\n      <div >\n        Alarme en cas de fugue\n      <\/div>\n\n    <\/li>\n\n  \n              \n              \n    <li>\n      <span class='bde-checkmark-list__icon bde-checkmark-list__icon_yes  bg-yes'>\n                  <svg xmlns=\"http:\/\/www.w3.org\/2000\/svg\" viewbox=\"0 0 24 24\"><path d=\"M18.71,7.21a1,1,0,0,0-1.42,0L9.84,14.67,6.71,11.53A1,1,0,1,0,5.29,13l3.84,3.84a1,1,0,0,0,1.42,0l8.16-8.16A1,1,0,0,0,18.71,7.21Z\"\/><\/svg>\n              <\/span>\n      <div >\n        Soulager les proches aidants\n      <\/div>\n\n    <\/li>\n\n  \n              \n              \n    <li>\n      <span class='bde-checkmark-list__icon bde-checkmark-list__icon_yes  bg-yes'>\n                  <svg xmlns=\"http:\/\/www.w3.org\/2000\/svg\" viewbox=\"0 0 24 24\"><path d=\"M18.71,7.21a1,1,0,0,0-1.42,0L9.84,14.67,6.71,11.53A1,1,0,1,0,5.29,13l3.84,3.84a1,1,0,0,0,1.42,0l8.16-8.16A1,1,0,0,0,18.71,7.21Z\"\/><\/svg>\n              <\/span>\n      <div >\n        Sans souci et sans stress pour la famille\n      <\/div>\n\n    <\/li>\n\n  <\/ul>\n\n<\/div><div class=\"bde-rich-text-27004-111 bde-rich-text breakdance-rich-text-styles\">\n<p>Lorsque les personnes d\u00e9sorient\u00e9es ont tendance \u00e0 partir ou \u00e0 revenir, cela repr\u00e9sente un d\u00e9fi particuli\u00e8rement important pour les proches ou les soignants.  La surveillance \u00e9lectronique des sorties de porte est tr\u00e8s co\u00fbteuse et souvent irr\u00e9alisable. Une surveillance sans faille des personnes concern\u00e9es n'est pas non plus possible ou n'est pas souhait\u00e9e. Une bonne solution \u00e0 ce probl\u00e8me est offerte par la <strong>JAMES Montre de d\u00e9mence<\/strong>.<\/p><p>Les personnes atteintes de d\u00e9mence re\u00e7oivent la montre d'appel d'urgence discr\u00e8te JAMES, qu'elles portent en permanence au poignet. La montre poss\u00e8de une carte SIM et d'excellentes fonctions de localisation (GPS, WLAN). Si la personne assist\u00e9e devait s'absenter, elle peut \u00eatre retrouv\u00e9e gr\u00e2ce \u00e0 l'APP James. De plus, il est possible de cr\u00e9er une zone de mouvement autour du lieu de s\u00e9jour principal de la personne d\u00e9mente. Si la personne sort de cette zone, la famille ou le soignant est automatiquement averti.<\/p>\n<\/div>\n<\/div><div class=\"bde-column-27004-112 bde-column\">\n  \n  \n\t\n\n\n\n<div class=\"bde-image-27004-113 bde-image\">\n<figure class=\"breakdance-image breakdance-image--4843\">\n\t<div class=\"breakdance-image-container\">\n\t\t<div class=\"breakdance-image-clip\"><img loading=\"lazy\" decoding=\"async\" class=\"breakdance-image-object\" src=\"https:\/\/ilogs.care\/wp-content\/uploads\/2023\/04\/B7_front_screen_links.png\" width=\"1500\" height=\"1500\" srcset=\"https:\/\/ilogs.care\/wp-content\/uploads\/2023\/04\/B7_front_screen_links.png 1500w, https:\/\/ilogs.care\/wp-content\/uploads\/2023\/04\/B7_front_screen_links-300x300.png 300w, https:\/\/ilogs.care\/wp-content\/uploads\/2023\/04\/B7_front_screen_links-1024x1024.png 1024w, https:\/\/ilogs.care\/wp-content\/uploads\/2023\/04\/B7_front_screen_links-150x150.png 150w, https:\/\/ilogs.care\/wp-content\/uploads\/2023\/04\/B7_front_screen_links-768x768.png 768w, https:\/\/ilogs.care\/wp-content\/uploads\/2023\/04\/B7_front_screen_links-600x600.png 600w, https:\/\/ilogs.care\/wp-content\/uploads\/2023\/04\/B7_front_screen_links-100x100.png 100w\" sizes=\"auto, (max-width: 1500px) 100vw, 1500px\"><\/div>\n\t<\/div><\/figure>\n\n<\/div><h4 class=\"bde-heading-27004-114 bde-heading\">\nJAMES Montre de d\u00e9mence\n<\/h4>\n<\/div><\/div><\/div>\n<\/section><section class=\"bde-section-27004-115 bde-section\">\n              \n  \n  \n\t\n\n  <div class=\"section-background-overlay\"><\/div>\n\n\n<div class=\"section-container\"><h1 class=\"bde-heading-27004-178 bde-heading\">\nComment fonctionne la protection contre la d\u00e9mence ?\n<\/h1><div class=\"bde-columns-27004-117 bde-columns\"><div class=\"bde-column-27004-118 bde-column\">\n  \n  \n\t\n\n\n\n<h4 class=\"bde-heading-27004-119 bde-heading\">\nLocalisation active\n<\/h4><div class=\"bde-div-27004-120 bde-div\">\n  \n  \n\t\n\n\n\n<div class=\"bde-columns-27004-121 bde-columns\"><div class=\"bde-column-27004-122 bde-column\">\n  \n  \n\t\n\n\n\n<div class=\"bde-rich-text-27004-123 bde-rich-text breakdance-rich-text-styles\">\n<p>Le r\u00e9sident n'est pas \u00e0 l'endroit pr\u00e9vu \u00e0 un moment donn\u00e9 (<em>z. par ex. dans la salle \u00e0 manger<\/em>). Le personnel soignant responsable peut alors interroger activement la position du porteur de la montre \u00e0 l'aide d'un PC\/tablette\/smartphone. Ensuite, le r\u00e9sident peut \u00eatre r\u00e9cup\u00e9r\u00e9.&nbsp;<\/p>\n<\/div>\n<\/div><div class=\"bde-column-27004-124 bde-column\">\n  \n  \n\t\n\n\n\n<div class=\"bde-image-27004-125 bde-image\">\n<figure class=\"breakdance-image breakdance-image--4849\">\n\t<div class=\"breakdance-image-container\">\n\t\t<div class=\"breakdance-image-clip\"><img loading=\"lazy\" decoding=\"async\" class=\"breakdance-image-object\" src=\"https:\/\/ilogs.care\/wp-content\/uploads\/2023\/04\/icon_location_1000px.png\" width=\"1000\" height=\"1033\" srcset=\"https:\/\/ilogs.care\/wp-content\/uploads\/2023\/04\/icon_location_1000px.png 1000w, https:\/\/ilogs.care\/wp-content\/uploads\/2023\/04\/icon_location_1000px-290x300.png 290w, https:\/\/ilogs.care\/wp-content\/uploads\/2023\/04\/icon_location_1000px-991x1024.png 991w, https:\/\/ilogs.care\/wp-content\/uploads\/2023\/04\/icon_location_1000px-768x793.png 768w, https:\/\/ilogs.care\/wp-content\/uploads\/2023\/04\/icon_location_1000px-600x620.png 600w\" sizes=\"auto, (max-width: 1000px) 100vw, 1000px\"><\/div>\n\t<\/div><\/figure>\n\n<\/div>\n<\/div><\/div>\n<\/div>\n<\/div><div class=\"bde-column-27004-126 bde-column\">\n  \n  \n\t\n\n\n\n\n<\/div><\/div><div class=\"bde-columns-27004-127 bde-columns\"><div class=\"bde-column-27004-128 bde-column\">\n  \n  \n\t\n\n\n\n<h4 class=\"bde-heading-27004-129 bde-heading\">\nSortir de la zone de mouvement\n<\/h4><div class=\"bde-div-27004-130 bde-div\">\n  \n  \n\t\n\n\n\n<div class=\"bde-columns-27004-131 bde-columns\"><div class=\"bde-column-27004-132 bde-column\">\n  \n  \n\t\n\n\n\n<div class=\"bde-rich-text-27004-133 bde-rich-text breakdance-rich-text-styles\">\n<p>Pour les personnes concern\u00e9es qui ne devraient g\u00e9n\u00e9ralement plus quitter leur domicile, il est tr\u00e8s facile de cr\u00e9er une zone de mouvement dans le syst\u00e8me JAMES.  Cette zone a un diam\u00e8tre minimum de 100 m\u00e8tres.<\/p><p>Si le porteur de la montre quitte cette zone, l'alarme se d\u00e9clenche au bout de quelques minutes. La cha\u00eene d'alarme est alors d\u00e9clench\u00e9e avec des num\u00e9ros de t\u00e9l\u00e9phone pr\u00e9d\u00e9finis (<em>z. Par exemple, la fille, le voisin, etc.<\/em>) sont appel\u00e9s les uns apr\u00e8s les autres, informant ainsi les proches que la personne a quitt\u00e9 la zone de mouvement. Comme d\u00e9crit pr\u00e9c\u00e9demment, il est alors facile de localiser la personne disparue et d'entamer le processus de r\u00e9cup\u00e9ration.<\/p>\n<\/div>\n<\/div><div class=\"bde-column-27004-134 bde-column\">\n  \n  \n\t\n\n\n\n<div class=\"bde-text-27004-135 bde-text\">\nZone de mouvement autour du domicile\n<\/div><div class=\"bde-image-27004-136 bde-image\">\n<figure class=\"breakdance-image breakdance-image--4848\">\n\t<div class=\"breakdance-image-container\">\n\t\t<div class=\"breakdance-image-clip\"><img loading=\"lazy\" decoding=\"async\" class=\"breakdance-image-object\" src=\"https:\/\/ilogs.care\/wp-content\/uploads\/2023\/04\/bewegungszone_1000px.png\" width=\"1000\" height=\"1050\" srcset=\"https:\/\/ilogs.care\/wp-content\/uploads\/2023\/04\/bewegungszone_1000px.png 1000w, https:\/\/ilogs.care\/wp-content\/uploads\/2023\/04\/bewegungszone_1000px-286x300.png 286w, https:\/\/ilogs.care\/wp-content\/uploads\/2023\/04\/bewegungszone_1000px-975x1024.png 975w, https:\/\/ilogs.care\/wp-content\/uploads\/2023\/04\/bewegungszone_1000px-768x806.png 768w, https:\/\/ilogs.care\/wp-content\/uploads\/2023\/04\/bewegungszone_1000px-600x630.png 600w\" sizes=\"auto, (max-width: 1000px) 100vw, 1000px\"><\/div>\n\t<\/div><\/figure>\n\n<\/div><div class=\"bde-text-27004-137 bde-text\">\nle porteur de la montre quitte la zone de mouvement\n<\/div>\n<\/div><\/div>\n<\/div>\n<\/div><div class=\"bde-column-27004-138 bde-column\">\n  \n  \n\t\n\n\n\n\n<\/div><\/div><\/div>\n<\/section><section class=\"bde-section-27004-139 bde-section\">\n  \n  \n\t\n\n\n\n<div class=\"section-container\"><h3 class=\"bde-heading-27004-140 bde-heading\">\nOffre d'organisation des soins\n<\/h3><div class=\"bde-columns-27004-141 bde-columns\"><div class=\"bde-column-27004-142 bde-column\">\n  \n  \n\t\n\n\n\n<div class=\"bde-image-27004-143 bde-image\">\n<figure class=\"breakdance-image breakdance-image--4860\">\n\t<div class=\"breakdance-image-container\">\n\t\t<div class=\"breakdance-image-clip\"><img loading=\"lazy\" decoding=\"async\" class=\"breakdance-image-object\" src=\"https:\/\/ilogs.care\/wp-content\/uploads\/2023\/04\/b7_Front_standardscren.png\" width=\"1500\" height=\"1500\" srcset=\"https:\/\/ilogs.care\/wp-content\/uploads\/2023\/04\/b7_Front_standardscren.png 1500w, https:\/\/ilogs.care\/wp-content\/uploads\/2023\/04\/b7_Front_standardscren-300x300.png 300w, https:\/\/ilogs.care\/wp-content\/uploads\/2023\/04\/b7_Front_standardscren-1024x1024.png 1024w, https:\/\/ilogs.care\/wp-content\/uploads\/2023\/04\/b7_Front_standardscren-150x150.png 150w, https:\/\/ilogs.care\/wp-content\/uploads\/2023\/04\/b7_Front_standardscren-768x768.png 768w, https:\/\/ilogs.care\/wp-content\/uploads\/2023\/04\/b7_Front_standardscren-600x600.png 600w, https:\/\/ilogs.care\/wp-content\/uploads\/2023\/04\/b7_Front_standardscren-100x100.png 100w\" sizes=\"auto, (max-width: 1500px) 100vw, 1500px\"><\/div>\n\t<\/div><\/figure>\n\n<\/div>\n<\/div><div class=\"bde-column-27004-144 bde-column\">\n  \n  \n\t\n\n\n\n<div class=\"bde-rich-text-27004-145 bde-rich-text breakdance-rich-text-styles\">\n<h3><strong>JAMES<\/strong> Horloge pour personnes atteintes de d\u00e9mence<\/h3><p>carte SIM d'itin\u00e9rance incluse<br>tarif d\u00e9mence inclus<br>y compris le portail web JAMES + l'application d'aide JAMES<br>y compris support premium<\/p>\n<\/div>\n<\/div><div class=\"bde-column-27004-146 bde-column\">\n  \n  \n\t\n\n\n\n<div class=\"bde-div-27004-147 bde-div\">\n  \n  \n\t\n\n\n\n<div class=\"bde-text-27004-148 bde-text\">\n\u20ac\n<\/div><div class=\"bde-text-27004-149 bde-text\">\n199\n<\/div>\n<\/div><div class=\"bde-div-27004-151 bde-div\">\n  \n  \n\t\n\n\n\n<div class=\"bde-text-27004-152 bde-text\">\n+ tarif d\u00e9mence \n<\/div><div class=\"bde-text-27004-153 bde-text\">\n \u20ac 14,90\n<\/div><div class=\"bde-text-27004-150 bde-text\">\npar mois\n<\/div>\n<\/div>\n<\/div><\/div><div class=\"bde-columns-27004-156 bde-columns\"><div class=\"bde-column-27004-157 bde-column\">\n  \n  \n\t\n\n\n\n<div class=\"bde-image-27004-158 bde-image\">\n<figure class=\"breakdance-image breakdance-image--1831\">\n\t<div class=\"breakdance-image-container\">\n\t\t<div class=\"breakdance-image-clip\"><img loading=\"lazy\" decoding=\"async\" class=\"breakdance-image-object\" src=\"https:\/\/ilogs.care\/wp-content\/uploads\/2021\/08\/james_locator.png\" width=\"1074\" height=\"1242\" srcset=\"https:\/\/ilogs.care\/wp-content\/uploads\/2021\/08\/james_locator.png 1074w, https:\/\/ilogs.care\/wp-content\/uploads\/2021\/08\/james_locator-259x300.png 259w, https:\/\/ilogs.care\/wp-content\/uploads\/2021\/08\/james_locator-885x1024.png 885w, https:\/\/ilogs.care\/wp-content\/uploads\/2021\/08\/james_locator-768x888.png 768w\" sizes=\"auto, (max-width: 1074px) 100vw, 1074px\"><\/div>\n\t<\/div><\/figure>\n\n<\/div>\n<\/div><div class=\"bde-column-27004-159 bde-column\">\n  \n  \n\t\n\n\n\n<div class=\"bde-rich-text-27004-160 bde-rich-text breakdance-rich-text-styles\">\n<h3><strong>JAMES<\/strong> Localisateur<\/h3><p>R\u00e9p\u00e9teur WLAN pour la localisation dans l'\u00e9tablissement.<\/p>\n<\/div>\n<\/div><div class=\"bde-column-27004-161 bde-column\">\n  \n  \n\t\n\n\n\n<div class=\"bde-div-27004-162 bde-div\">\n  \n  \n\t\n\n\n\n<div class=\"bde-text-27004-163 bde-text\">\n\u20ac\n<\/div><div class=\"bde-text-27004-164 bde-text\">\n29\n<\/div>\n<\/div><div class=\"bde-div-27004-165 bde-div\">\n  \n  \n\t\n\n\n\n<div class=\"bde-text-27004-166 bde-text\">\nunique, TVA incluse\n<\/div>\n<\/div>\n<\/div><\/div><div class=\"bde-columns-27004-167 bde-columns\"><div class=\"bde-column-27004-168 bde-column\">\n  \n  \n\t\n\n\n\n<div class=\"bde-image-27004-169 bde-image\">\n<figure class=\"breakdance-image breakdance-image--4862\">\n\t<div class=\"breakdance-image-container\">\n\t\t<div class=\"breakdance-image-clip\"><img loading=\"lazy\" decoding=\"async\" class=\"breakdance-image-object\" src=\"https:\/\/ilogs.care\/wp-content\/uploads\/2023\/04\/lockable-strap.jpg\" width=\"500\" height=\"500\" srcset=\"https:\/\/ilogs.care\/wp-content\/uploads\/2023\/04\/lockable-strap.jpg 500w, https:\/\/ilogs.care\/wp-content\/uploads\/2023\/04\/lockable-strap-300x300.jpg 300w, https:\/\/ilogs.care\/wp-content\/uploads\/2023\/04\/lockable-strap-150x150.jpg 150w, https:\/\/ilogs.care\/wp-content\/uploads\/2023\/04\/lockable-strap-100x100.jpg 100w\" sizes=\"auto, (max-width: 500px) 100vw, 500px\"><\/div>\n\t<\/div><\/figure>\n\n<\/div>\n<\/div><div class=\"bde-column-27004-170 bde-column\">\n  \n  \n\t\n\n\n\n<div class=\"bde-rich-text-27004-171 bde-rich-text breakdance-rich-text-styles\">\n<h3>Bracelet verrouillable<\/h3><p>Ne peut \u00eatre ouvert que par le personnel soignant<\/p>\n<\/div>\n<\/div><div class=\"bde-column-27004-172 bde-column\">\n  \n  \n\t\n\n\n\n<div class=\"bde-div-27004-173 bde-div\">\n  \n  \n\t\n\n\n\n<div class=\"bde-text-27004-174 bde-text\">\n\u20ac\n<\/div><div class=\"bde-text-27004-175 bde-text\">\n129\n<\/div>\n<\/div><div class=\"bde-div-27004-176 bde-div\">\n  \n  \n\t\n\n\n\n<div class=\"bde-text-27004-177 bde-text\">\nunique, TVA incluse\n<\/div>\n<\/div>\n<\/div><\/div><\/div>\n<\/section>","protected":false},"excerpt":{"rendered":"<p>Demente Angeh\u00f6rigerasch &#038; sicher finden Mit der JAMES Demenzuhr erh\u00e4lt ihr desorientierter Angeh\u00f6rige den bestm\u00f6glichen Schutz bei minimalster Einschr\u00e4nkung seiner Freiheit. Wirksamer Schutz bei Demenz Hinl\u00e4ufer rasch finden Alarm bei Weglauf Entlastung der pflegenden Angeh\u00f6rigen Sorgen- und stresfrei f\u00fcr die Familie Wenn desorientierte Personen eine Weg- bzw. Hinlauftendenz haben, ist dies eine besonders gro\u00dfe Herausforderung [&hellip;]<\/p>\n","protected":false},"author":1,"featured_media":0,"parent":0,"menu_order":0,"comment_status":"closed","ping_status":"closed","template":"","meta":{"_acf_changed":false,"_breakdance_hide_in_design_set":false,"_breakdance_tags":"","footnotes":""},"class_list":["post-27004","page","type-page","status-publish","hentry"],"acf":[],"_links":{"self":[{"href":"https:\/\/james.care\/fr\/wp-json\/wp\/v2\/pages\/27004","targetHints":{"allow":["GET"]}}],"collection":[{"href":"https:\/\/james.care\/fr\/wp-json\/wp\/v2\/pages"}],"about":[{"href":"https:\/\/james.care\/fr\/wp-json\/wp\/v2\/types\/page"}],"author":[{"embeddable":true,"href":"https:\/\/james.care\/fr\/wp-json\/wp\/v2\/users\/1"}],"replies":[{"embeddable":true,"href":"https:\/\/james.care\/fr\/wp-json\/wp\/v2\/comments?post=27004"}],"version-history":[{"count":0,"href":"https:\/\/james.care\/fr\/wp-json\/wp\/v2\/pages\/27004\/revisions"}],"wp:attachment":[{"href":"https:\/\/james.care\/fr\/wp-json\/wp\/v2\/media?parent=27004"}],"curies":[{"name":"wp","href":"https:\/\/api.w.org\/{rel}","templated":true}]}}