{"id":2366,"date":"2021-05-12T11:17:29","date_gmt":"2021-05-12T11:17:29","guid":{"rendered":"https:\/\/beta.myjames.shop\/?page_id=2366"},"modified":"2022-08-13T10:52:55","modified_gmt":"2022-08-13T08:52:55","slug":"die-notrufuhr-die-leben-rettet","status":"publish","type":"page","link":"https:\/\/james.care\/fr\/die-notrufuhr-die-leben-rettet\/","title":{"rendered":"La montre d'appel d'urgence qui sauve des vies"},"content":{"rendered":"<h3>\n\t\t\t\t\tAvec la montre d'appel d'urgence JAMES, l'aide est \u00e0 port\u00e9e de main.<br \/>\n\t\t\t\t\tAppuyer sur un bouton<br \/>\n\t\t\t\t\tsupprim\u00e9<br \/>\n\t\t\t\t\t<\/h3>\n<p>\t\t\t\t\t\t\t\t\t\t\t\t<img decoding=\"async\" width=\"436\" height=\"315\" src=\"https:\/\/james.care\/wp-content\/uploads\/2021\/04\/b6_schwarz_weiss.png\" alt=\"\" loading=\"lazy\" \/>\t\t\t\t\t\t\t\t\t\t\t\t\t\t<\/p>\n<h2>D\u00e9couvrez une nouvelle forme de s\u00e9curit\u00e9 !<\/h2>\n<p>Le site <strong>JAMES montre d'appel d'urgence<\/strong> aide vos proches \u00e0 tout moment et partout. La protection compl\u00e8te pour les seniors, les proches et les soignants. Pour vivre plus longtemps chez soi. Avec une carte SIM sp\u00e9ciale pour une couverture r\u00e9seau optimale.<\/p>\n<p>\t\t\t<a href=\"https:\/\/james.care\/fr\/wizard\/notrufuhr-s6\/\" role=\"button\"><br \/>\n\t\t\t\t\t\tACHETER &gt;<br \/>\n\t\t\t\t\t<\/a><\/p>","protected":false},"excerpt":{"rendered":"<p>Avec la montre d'appel d'urgence JAMES, l'aide n'est qu'\u00e0 un bouton D\u00e9couvrez une nouvelle forme de s\u00e9curit\u00e9 ! La montre d'appel d'urgence JAMES aide vos proches partout et \u00e0 tout moment. La protection compl\u00e8te pour les seniors, les proches et les soignants. Pour vivre plus longtemps chez soi. Avec une carte SIM sp\u00e9ciale pour une meilleure couverture r\u00e9seau. ACHETER &gt;<\/p>","protected":false},"author":2,"featured_media":0,"parent":0,"menu_order":0,"comment_status":"closed","ping_status":"closed","template":"","meta":{"_acf_changed":false,"_breakdance_hide_in_design_set":false,"_breakdance_tags":"","footnotes":""},"class_list":["post-2366","page","type-page","status-publish","hentry"],"acf":[],"_links":{"self":[{"href":"https:\/\/james.care\/fr\/wp-json\/wp\/v2\/pages\/2366","targetHints":{"allow":["GET"]}}],"collection":[{"href":"https:\/\/james.care\/fr\/wp-json\/wp\/v2\/pages"}],"about":[{"href":"https:\/\/james.care\/fr\/wp-json\/wp\/v2\/types\/page"}],"author":[{"embeddable":true,"href":"https:\/\/james.care\/fr\/wp-json\/wp\/v2\/users\/2"}],"replies":[{"embeddable":true,"href":"https:\/\/james.care\/fr\/wp-json\/wp\/v2\/comments?post=2366"}],"version-history":[{"count":0,"href":"https:\/\/james.care\/fr\/wp-json\/wp\/v2\/pages\/2366\/revisions"}],"wp:attachment":[{"href":"https:\/\/james.care\/fr\/wp-json\/wp\/v2\/media?parent=2366"}],"curies":[{"name":"wp","href":"https:\/\/api.w.org\/{rel}","templated":true}]}}