{"id":21879,"date":"2022-11-23T08:18:51","date_gmt":"2022-11-23T07:18:51","guid":{"rendered":"https:\/\/myjames.shop\/?page_id=21879"},"modified":"2022-12-29T21:10:43","modified_gmt":"2022-12-29T20:10:43","slug":"ueber_uns","status":"publish","type":"page","link":"https:\/\/james.care\/fr\/ueber_uns\/","title":{"rendered":"+A propos de nous"},"content":{"rendered":"<section class=\"bde-section-21879-100 bde-section\">\n  \n  \n\t\n\n\n\n<div class=\"section-container\"><h1 class=\"bde-heading-21879-104 bde-heading\">\n\u00c0 propos d'ilogs healthcare\n<\/h1><div class=\"bde-columns-21879-101 bde-columns\"><div class=\"bde-column-21879-102 bde-column\">\n  \n  \n\t\n\n\n\n<h3 class=\"bde-heading-21879-105 bde-heading\">\nNotre mission\n<\/h3><div class=\"bde-rich-text-21879-106 bde-rich-text breakdance-rich-text-styles\">\n<p>Les changements d\u00e9mographiques repr\u00e9sentent un d\u00e9fi permanent pour notre soci\u00e9t\u00e9. La structure sociale actuelle (en Europe) se caract\u00e9rise par un taux de natalit\u00e9 en baisse et des groupes de personnes vieillissants. Ce bouleversement n\u00e9cessite des solutions innovantes afin de rendre la vie plus facile, mais surtout plus s\u00fbre, pour une population de plus en plus \u00e2g\u00e9e. Une grande partie des soins et de l'assistance sont d\u00e9j\u00e0 dispens\u00e9s \u00e0 domicile et c'est \u00e9galement l'objectif de <strong>JAMES<\/strong>.<\/p><p>Avec les points forts suivants <strong>S\u00c9CURIT\u00c9<\/strong>, <strong>SANT\u00c9<\/strong> et <strong>COMMUNAUT\u00c9<\/strong> offre <strong>JAMES<\/strong> diff\u00e9rentes offres pour les seniors et leur entourage, en fonction des situations de vie individuelles. Ses produits parfaitement adapt\u00e9s aux seniors soutiennent <strong>JAMES<\/strong> d\u00e9j\u00e0 des milliers de personnes \u00e2g\u00e9es dans le monde. Le syst\u00e8me d'assistance intelligent se divise en deux domaines de plus en plus importants <strong><em>Active Assisted Living<\/em><\/strong>, court <strong>AAL<\/strong>, a d\u00e9clar\u00e9 le ministre. Les syst\u00e8mes AAL peuvent am\u00e9liorer la qualit\u00e9 de vie des personnes \u00e2g\u00e9es gr\u00e2ce \u00e0 des technologies et des services innovants.<\/p>\n<\/div>\n<\/div><div class=\"bde-column-21879-103 bde-column\">\n  \n  \n\t\n\n\n\n<div class=\"bde-image-21879-107 bde-image\">\n<figure class=\"breakdance-image breakdance-image--18851\">\n\t<div class=\"breakdance-image-container\">\n\t\t<div class=\"breakdance-image-clip\"><img loading=\"lazy\" decoding=\"async\" class=\"breakdance-image-object\" src=\"https:\/\/james.care\/wp-content\/uploads\/2021\/04\/shutterstock_1426500845.jpg\" width=\"800\" height=\"533\" srcset=\"https:\/\/james.care\/wp-content\/uploads\/2021\/04\/shutterstock_1426500845.jpg 800w, https:\/\/james.care\/wp-content\/uploads\/2021\/04\/shutterstock_1426500845-300x200.jpg 300w, https:\/\/james.care\/wp-content\/uploads\/2021\/04\/shutterstock_1426500845-768x512.jpg 768w, https:\/\/james.care\/wp-content\/uploads\/2021\/04\/shutterstock_1426500845-600x400.jpg 600w\" sizes=\"auto, (max-width: 800px) 100vw, 800px\"><\/div>\n\t<\/div><\/figure>\n\n<\/div>\n<\/div><\/div><div class=\"bde-columns-21879-108 bde-columns\"><div class=\"bde-column-21879-112 bde-column\">\n  \n  \n\t\n\n\n\n<div class=\"bde-image-21879-113 bde-image\">\n<figure class=\"breakdance-image breakdance-image--19442\">\n\t<div class=\"breakdance-image-container\">\n\t\t<div class=\"breakdance-image-clip\"><img loading=\"lazy\" decoding=\"async\" class=\"breakdance-image-object\" src=\"https:\/\/james.care\/wp-content\/uploads\/2022\/05\/job_healthcare_image.png\" width=\"1000\" height=\"667\" srcset=\"https:\/\/james.care\/wp-content\/uploads\/2022\/05\/job_healthcare_image.png 1000w, https:\/\/james.care\/wp-content\/uploads\/2022\/05\/job_healthcare_image-300x200.png 300w, https:\/\/james.care\/wp-content\/uploads\/2022\/05\/job_healthcare_image-768x512.png 768w, https:\/\/james.care\/wp-content\/uploads\/2022\/05\/job_healthcare_image-600x400.png 600w\" sizes=\"auto, (max-width: 1000px) 100vw, 1000px\"><\/div>\n\t<\/div><\/figure>\n\n<\/div>\n<\/div><div class=\"bde-column-21879-109 bde-column\">\n  \n  \n\t\n\n\n\n<h3 class=\"bde-heading-21879-110 bde-heading\">\nNotre comp\u00e9tence\n<\/h3><div class=\"bde-rich-text-21879-111 bde-rich-text breakdance-rich-text-styles\">\n<p>L'expert en informatique propose des logiciels et des services de haute qualit\u00e9 qui se concentrent sur la num\u00e9risation des soins et de l'assistance en dehors de l'h\u00f4pital. En tant que leader du march\u00e9 dans le domaine des services sociaux mobiles, l'entreprise s'occupe de la gestion de la sant\u00e9 et de la s\u00e9curit\u00e9 des patients. <strong>ilogs healthcare <\/strong>des \u00e9tablissements pour personnes \u00e2g\u00e9es et des \u00e9tablissements de soins, ainsi que des logements prot\u00e9g\u00e9s.<\/p><p>L'id\u00e9e de <strong>JAMES T\u00e9l\u00e9Care<\/strong> a d\u00e9but\u00e9 en 2019 avec pour mission d'offrir aux personnes \u00e2g\u00e9es plus d'autonomie et de s\u00e9curit\u00e9 dans leur vie quotidienne. <strong>ilogs healthcare<\/strong> Depuis 2012 d\u00e9j\u00e0, l'universit\u00e9 d'Aix-la-Chapelle multiplie les recherches dans le domaine de l'AAD et entretient de nombreux \u00e9changes avec des instituts de recherche renomm\u00e9s. Soutenu par la <strong>soci\u00e9t\u00e9 autrichienne de recherche<\/strong> (FFG), de nouvelles technologies et de nouveaux services ont pu \u00eatre test\u00e9s et mis sur le march\u00e9 dans le cadre de divers projets R&amp;D nationaux, mais aussi internationaux.<\/p><p>Aujourd'hui, c'est <strong>ilogs <\/strong>est active au niveau international et s'\u00e9tablit de plus en plus comme un sp\u00e9cialiste reconnu de la cybersant\u00e9 en Europe. L'entreprise est g\u00e9r\u00e9e par ses propri\u00e9taires.<\/p>\n<\/div>\n<\/div><\/div><\/div>\n<\/section><section class=\"bde-section-21879-114 bde-section\">\n  \n  \n\t\n\n\n\n<div class=\"section-container\"><\/div>\n<\/section>","protected":false},"excerpt":{"rendered":"<p>\u00dcber ilogs healthcare Unsere Mission Der demographische Wandel stellt f\u00fcr unsere Gesellschaft eine anhaltende Herausforderung dar. Die gegenw\u00e4rtige Gesellschaftsstruktur (Europas) ist von sinkenden Geburtenraten und alternden Personengruppen gepr\u00e4gt. Dieser Umbruch erfordert innovative L\u00f6sungsans\u00e4tze, um das Leben der zunehmend \u00e4lter werdenden Bev\u00f6lkerungsschicht einfacher, vor allem jedoch sicherer zu gestalten. Ein Gro\u00dfteil der Pflege und Betreuung findet [&hellip;]<\/p>\n","protected":false},"author":1,"featured_media":0,"parent":0,"menu_order":0,"comment_status":"closed","ping_status":"closed","template":"","meta":{"_acf_changed":false,"_breakdance_hide_in_design_set":false,"_breakdance_tags":"","footnotes":""},"class_list":["post-21879","page","type-page","status-publish","hentry"],"acf":[],"_links":{"self":[{"href":"https:\/\/james.care\/fr\/wp-json\/wp\/v2\/pages\/21879","targetHints":{"allow":["GET"]}}],"collection":[{"href":"https:\/\/james.care\/fr\/wp-json\/wp\/v2\/pages"}],"about":[{"href":"https:\/\/james.care\/fr\/wp-json\/wp\/v2\/types\/page"}],"author":[{"embeddable":true,"href":"https:\/\/james.care\/fr\/wp-json\/wp\/v2\/users\/1"}],"replies":[{"embeddable":true,"href":"https:\/\/james.care\/fr\/wp-json\/wp\/v2\/comments?post=21879"}],"version-history":[{"count":0,"href":"https:\/\/james.care\/fr\/wp-json\/wp\/v2\/pages\/21879\/revisions"}],"wp:attachment":[{"href":"https:\/\/james.care\/fr\/wp-json\/wp\/v2\/media?parent=21879"}],"curies":[{"name":"wp","href":"https:\/\/api.w.org\/{rel}","templated":true}]}}