{"id":21875,"date":"2022-11-23T08:18:11","date_gmt":"2022-11-23T07:18:11","guid":{"rendered":"https:\/\/myjames.shop\/?page_id=21875"},"modified":"2023-12-06T16:26:26","modified_gmt":"2023-12-06T15:26:26","slug":"impressum","status":"publish","type":"page","link":"https:\/\/james.care\/fr\/impressum\/","title":{"rendered":"Mentions l\u00e9gales ilogs healthcare"},"content":{"rendered":"<section class=\"bde-section-21875-100 bde-section\">\n  \n  \n\t\n\n\n\n<div class=\"section-container\"><h1 class=\"bde-heading-21875-101 bde-heading\">\nMentions l\u00e9gales\n<\/h1><div class=\"bde-columns-21875-102 bde-columns\"><div class=\"bde-column-21875-103 bde-column\">\n  \n  \n\t\n\n\n\n<div class=\"bde-rich-text-21875-105 bde-rich-text breakdance-rich-text-styles\">\n<p>Informations conform\u00e9ment au \u00a7 5 (1) de la loi sur le commerce \u00e9lectronique<br>Publication selon les \u00a7\u00a7 24, 25 de la loi sur les m\u00e9dias<br><br><strong>Propri\u00e9taire du m\u00e9dia, \u00e9diteur et fabricant :<\/strong><br><strong><br>ilogs healthcare GmbH<\/strong><br>Couronne Place 1\/ Top 2<br>A-9020 Klagenfurt am W\u00f6rthersee (Autriche)<br>AUTRICHE \/ AUSTRIA<strong><br><\/strong><br><strong>Num\u00e9ro du registre du commerce :<\/strong> 481242i<br><strong>Tribunal du registre du commerce :<\/strong> Tribunal r\u00e9gional de Klagenfurt<br><strong>Num\u00e9ro d'identification de la taxe sur la valeur ajout\u00e9e :<\/strong> ATU72724778<br><strong>Appartenance \u00e0 une chambre :<\/strong> Chambre \u00e9conomique de Carinthie<br><strong>Objet de l'entreprise :<\/strong> Services informatiques<br><strong>Directeur g\u00e9n\u00e9ral :<\/strong> Dr Walter Liebhart.<\/p>\n<\/div>\n<\/div><div class=\"bde-column-21875-104 bde-column\">\n  \n  \n\t\n\n\n\n<div class=\"bde-rich-text-21875-106 bde-rich-text breakdance-rich-text-styles\">\n<h3>Contact<\/h3><p>T\u00e9l\u00e9phone : <strong>+43 (0) 463 305 003<\/strong><br>Email : <strong>office@ilogs.care<\/strong><\/p>\n<\/div>\n<\/div><\/div><\/div>\n<\/section>","protected":false},"excerpt":{"rendered":"<p>Mentions l\u00e9gales Informations selon \u00a7 5 (1) de la loi sur le commerce \u00e9lectroniquePublication selon \u00a7\u00a7 24, 25 de la loi sur les m\u00e9diasPropri\u00e9taire du m\u00e9dia, \u00e9diteur et fabricant:ilogs healthcare GmbHKrone Platz 1\/ Top 2A-9020 Klagenfurt am W\u00f6rthersee\u00d6STERREICH \/ AUSTRIANum\u00e9ro d'enregistrement de l'entreprise : 481242iTribunal du registre des entreprises : Tribunal r\u00e9gional de KlagenfurtNum\u00e9ro d'identification TVA : ATU72724778Chambre de commerce : Chambre de commerce de CarinthieObjet de l'entreprise : services informatiquesG\u00e9rant : Dr. Walter Liebhart, directeur g\u00e9n\u00e9ral. ContactT\u00e9l\u00e9phone : +43 (0) 463 305 003Email : office@ilogs.care<\/p>","protected":false},"author":1,"featured_media":0,"parent":0,"menu_order":0,"comment_status":"closed","ping_status":"closed","template":"","meta":{"_acf_changed":false,"_breakdance_hide_in_design_set":false,"_breakdance_tags":"","footnotes":""},"class_list":["post-21875","page","type-page","status-publish","hentry"],"acf":[],"_links":{"self":[{"href":"https:\/\/james.care\/fr\/wp-json\/wp\/v2\/pages\/21875","targetHints":{"allow":["GET"]}}],"collection":[{"href":"https:\/\/james.care\/fr\/wp-json\/wp\/v2\/pages"}],"about":[{"href":"https:\/\/james.care\/fr\/wp-json\/wp\/v2\/types\/page"}],"author":[{"embeddable":true,"href":"https:\/\/james.care\/fr\/wp-json\/wp\/v2\/users\/1"}],"replies":[{"embeddable":true,"href":"https:\/\/james.care\/fr\/wp-json\/wp\/v2\/comments?post=21875"}],"version-history":[{"count":0,"href":"https:\/\/james.care\/fr\/wp-json\/wp\/v2\/pages\/21875\/revisions"}],"wp:attachment":[{"href":"https:\/\/james.care\/fr\/wp-json\/wp\/v2\/media?parent=21875"}],"curies":[{"name":"wp","href":"https:\/\/api.w.org\/{rel}","templated":true}]}}