{"id":21837,"date":"2022-11-22T14:18:59","date_gmt":"2022-11-22T13:18:59","guid":{"rendered":"https:\/\/myjames.shop\/?page_id=21837"},"modified":"2024-06-22T16:03:33","modified_gmt":"2024-06-22T14:03:33","slug":"versandretouren","status":"publish","type":"page","link":"https:\/\/james.care\/fr\/versandretouren\/","title":{"rendered":"Exp\u00e9dition + retours"},"content":{"rendered":"<section class=\"bde-section-21837-100 bde-section\">\n  \n  \n\t\n\n\n\n<div class=\"section-container\"><h1 class=\"bde-heading-21837-101 bde-heading\">\nExp\u00e9dition &amp; retours\n<\/h1><div class=\"bde-rich-text-21837-102 bde-rich-text breakdance-rich-text-styles\">\n<h2><strong>Exp\u00e9dition<\/strong><\/h2>\n<ul>\n<li>A partir de 150 euros de commande <strong>livraison gratuite<\/strong><\/li>\n<li>\n<p class=\"p1\">D\u00e9lai de livraison :  Autriche : 3-4 jours ouvrables, Europe* : 4-5 jours ouvrables<\/p>\n<\/li>\n<li>D\u00e9lais de livraison <strong>Exp\u00e9dition+<\/strong>Autriche : 2-3 jours ouvrables, Europe* : 3-4 jours ouvrables<\/li>\n<li>\n<p>Si votre colis a d\u00e9j\u00e0 \u00e9t\u00e9 exp\u00e9di\u00e9 mais n'est pas encore arriv\u00e9 chez vous, veuillez d'abord v\u00e9rifier si le colis a \u00e9t\u00e9 d\u00e9pos\u00e9 dans votre quartier. Si ce n'est pas le cas et que le statut d'exp\u00e9dition n'a pas chang\u00e9 depuis cinq jours, veuillez prendre contact avec nous. <a href=\"mailto:%20hilfe@myjames.shop\" target=\"_blank\" rel=\"noopener noreferrer nofollow\">Contact<\/a> sur.<\/p>\n<\/li>\n<\/ul>\n<p><em>*Nous exp\u00e9dions dans toute l'UE, en Suisse, au Liechtenstein, au Royaume-Uni, en Norv\u00e8ge, dans la Cit\u00e9 du Vatican, \u00e0 Saint-Marin, en Islande, \u00e0 Monaco et en Andorre. Pour les territoires d'outre-mer et les \u00eeles expos\u00e9es comme les A\u00e7ores, Mad\u00e8re, les \u00eeles Canaries, la Guyane fran\u00e7aise, la Guadeloupe, la Martinique, la R\u00e9union, Saint-Barth\u00e9lemy, Saint-Martin, les d\u00e9lais de livraison peuvent \u00eatre plus longs et les frais de port suppl\u00e9mentaires.<\/em><\/p>\n<h2><strong>Retours<\/strong><\/h2>\n<p>Vous pouvez obtenir des informations dans un d\u00e9lai de <strong>30 jours <\/strong>nous retourner en utilisant votre <a href=\"https:\/\/james.care\/fr\/widerrufsbelehrung\/\" target=\"_blank\" rel=\"noopener noreferrer nofollow\"><strong>Droit de r\u00e9tractation<\/strong><\/a> de l'utilisation de ce service. Pour ce faire, veuillez contacter notre <a href=\"mailto:support@james.care\" target=\"_blank\" rel=\"noopener noreferrer nofollow\"><strong>Support client<\/strong><\/a> ou envoyez-nous directement un formulaire rempli<a href=\"https:\/\/james.care\/wp-content\/uploads\/2021\/04\/Muster-Widerrufsformular_Shop.pdf\" target=\"_blank\" rel=\"noopener noreferrer nofollow\"> Formulaire de r\u00e9tractation<\/a>. Vous recevrez un bon de retour avec une \u00e9tiquette de retour.<\/p>\n<p>Le montant de votre achat sera cr\u00e9dit\u00e9 dans les 14 jours suivant la r\u00e9ception de votre retour - toujours selon le mode de paiement que vous avez choisi lors de la commande.\u00a0<\/p>\n<\/div><\/div>\n<\/section>","protected":false},"excerpt":{"rendered":"<p>Versand &#038; Retouren Versand Ab 150 Euro Bestellwert kostenloser Versand Lieferzeiten:\u00a0 \u00d6sterreich: 3-4 Werktage, Europa*: 4-5 Werktage Lieferzeiten Versand+: \u00d6sterreich: 2-3 Werktage, Europa*: 3-4 Werktage Sollte Ihr Paket schon versendet, aber noch nicht bei Ihnen angekommen sein, pr\u00fcfen Sie bitte zun\u00e4chst, ob das Paket in Ihrer Nachbarschaft abgegeben wurde. Sollte dies nicht der Fall sein [&hellip;]<\/p>\n","protected":false},"author":1,"featured_media":0,"parent":0,"menu_order":0,"comment_status":"closed","ping_status":"closed","template":"","meta":{"_acf_changed":false,"_breakdance_hide_in_design_set":false,"_breakdance_tags":"","footnotes":""},"class_list":["post-21837","page","type-page","status-publish","hentry"],"acf":[],"_links":{"self":[{"href":"https:\/\/james.care\/fr\/wp-json\/wp\/v2\/pages\/21837","targetHints":{"allow":["GET"]}}],"collection":[{"href":"https:\/\/james.care\/fr\/wp-json\/wp\/v2\/pages"}],"about":[{"href":"https:\/\/james.care\/fr\/wp-json\/wp\/v2\/types\/page"}],"author":[{"embeddable":true,"href":"https:\/\/james.care\/fr\/wp-json\/wp\/v2\/users\/1"}],"replies":[{"embeddable":true,"href":"https:\/\/james.care\/fr\/wp-json\/wp\/v2\/comments?post=21837"}],"version-history":[{"count":0,"href":"https:\/\/james.care\/fr\/wp-json\/wp\/v2\/pages\/21837\/revisions"}],"wp:attachment":[{"href":"https:\/\/james.care\/fr\/wp-json\/wp\/v2\/media?parent=21837"}],"curies":[{"name":"wp","href":"https:\/\/api.w.org\/{rel}","templated":true}]}}