{"id":21427,"date":"2022-11-14T15:52:02","date_gmt":"2022-11-14T14:52:02","guid":{"rendered":"https:\/\/myjames.shop\/?page_id=21427"},"modified":"2024-12-05T12:32:37","modified_gmt":"2024-12-05T11:32:37","slug":"sturz","status":"publish","type":"page","link":"https:\/\/james.care\/fr\/sturz\/","title":{"rendered":"+chute"},"content":{"rendered":"<section class=\"bde-section-21427-100 bde-section\">\n  \n  \n\t\n\n\n\n<div class=\"section-container\"><h1 class=\"bde-heading-21427-101 bde-heading\">\nD\u00e9tection des chutes\n<\/h1><div class=\"bde-columns-21427-102 bde-columns\"><div class=\"bde-column-21427-103 bde-column\">\n  \n  \n\t\n\n\n\n<div class=\"bde-image-21427-106 bde-image\">\n<figure class=\"breakdance-image breakdance-image--18951\">\n\t<div class=\"breakdance-image-container\">\n\t\t<div class=\"breakdance-image-clip\"><img loading=\"lazy\" decoding=\"async\" class=\"breakdance-image-object\" src=\"https:\/\/james.care\/wp-content\/uploads\/2021\/05\/old_man_fall_stairs.png\" width=\"1600\" height=\"1067\" srcset=\"https:\/\/james.care\/wp-content\/uploads\/2021\/05\/old_man_fall_stairs.png 1600w, https:\/\/james.care\/wp-content\/uploads\/2021\/05\/old_man_fall_stairs-300x200.png 300w, https:\/\/james.care\/wp-content\/uploads\/2021\/05\/old_man_fall_stairs-1024x683.png 1024w, https:\/\/james.care\/wp-content\/uploads\/2021\/05\/old_man_fall_stairs-768x512.png 768w, https:\/\/james.care\/wp-content\/uploads\/2021\/05\/old_man_fall_stairs-1536x1024.png 1536w, https:\/\/james.care\/wp-content\/uploads\/2021\/05\/old_man_fall_stairs-600x400.png 600w\" sizes=\"auto, (max-width: 1600px) 100vw, 1600px\"><\/div>\n\t<\/div><\/figure>\n\n<\/div>\n<\/div><div class=\"bde-column-21427-104 bde-column\">\n  \n  \n\t\n\n\n\n<div class=\"bde-rich-text-21427-105 bde-rich-text breakdance-rich-text-styles\">\n<p>Il existe de nombreuses montres sur le march\u00e9 qui pr\u00e9tendent offrir une d\u00e9tection fiable des chutes sur la base de capteurs de mouvement. La r\u00e9alit\u00e9 est toutefois souvent diff\u00e9rente, car il est tr\u00e8s difficile de d\u00e9tecter une chute. Voici quelques exemples :<\/p>\n<ul>\n<li><strong>Vertiges<\/strong>Le porteur de la montre glisse lentement vers le sol et s'appuie encore partiellement, par exemple sur une chaise.<\/li>\n<li><strong>Tr\u00e9bucher<\/strong>: Une personne tr\u00e9buche sur le bord du tapis et tombe par terre.<\/li>\n<li><strong>Mouvements non intentionnels<\/strong>Le porteur de la montre tape de la main sur la table.<\/li>\n<\/ul>\n<p>Il est difficile d'identifier clairement de tels sc\u00e9narios. Tous les sites\u00a0<strong>Mod\u00e8les B et R<\/strong>\u00a0de JAMES disposent certes d'un d\u00e9tecteur de chute, mais celui-ci ne fonctionne que partiellement. Il peut arriver que le capteur se d\u00e9clenche trop souvent ou qu'il ne r\u00e9agisse pas si le choc est trop faible. Vous pouvez activer ou d\u00e9sactiver le d\u00e9tecteur de chute \u00e0 tout moment via l'application JAMES, selon vos besoins.<\/p>\n<p>Le site\u00a0<strong>Mod\u00e8le S<\/strong>\u00a0de JAMES offre une solution alternative : un\u00a0<strong>Capteur d'inactivit\u00e9<\/strong>. Celui-ci signale une alarme si la montre n'est pas d\u00e9plac\u00e9e pendant un certain temps (p. ex. 15 minutes - il est possible de r\u00e9gler 8 niveaux de temps).<\/p>\n<p>Chez JAMES, nous travaillons en permanence \u00e0 une meilleure d\u00e9tection des chutes. Par exp\u00e9rience, nous savons toutefois que\u00a0<strong>la meilleure s\u00e9curit\u00e9<\/strong>\u00a0est atteint,\u00a0<strong>si la montre est port\u00e9e r\u00e9guli\u00e8rement<\/strong>. Dans la plupart des cas d'urgence, qu'il s'agisse d'une chute, d'une peur ou d'un danger, il suffit d'appuyer sur un bouton pour obtenir de l'aide !<\/p>\n<\/div>\n<\/div><\/div><\/div>\n<\/section>","protected":false},"excerpt":{"rendered":"<p>Sturzerkennung Es gibt viele Uhren auf dem Markt, die behaupten, eine zuverl\u00e4ssige Sturzerkennung auf Basis von Bewegungssensoren zu bieten. Die Realit\u00e4t ist jedoch oft eine andere, da ein Sturz sehr schwer zu erkennen ist. Hier einige Beispiele: Schwindel: Der Uhrentr\u00e4ger gleitet langsam zu Boden und st\u00fctzt sich teilweise noch ab, z. B. auf einem Stuhl. [&hellip;]<\/p>\n","protected":false},"author":1,"featured_media":0,"parent":0,"menu_order":0,"comment_status":"closed","ping_status":"closed","template":"","meta":{"_acf_changed":false,"_breakdance_hide_in_design_set":false,"_breakdance_tags":"","footnotes":""},"class_list":["post-21427","page","type-page","status-publish","hentry"],"acf":[],"_links":{"self":[{"href":"https:\/\/james.care\/fr\/wp-json\/wp\/v2\/pages\/21427","targetHints":{"allow":["GET"]}}],"collection":[{"href":"https:\/\/james.care\/fr\/wp-json\/wp\/v2\/pages"}],"about":[{"href":"https:\/\/james.care\/fr\/wp-json\/wp\/v2\/types\/page"}],"author":[{"embeddable":true,"href":"https:\/\/james.care\/fr\/wp-json\/wp\/v2\/users\/1"}],"replies":[{"embeddable":true,"href":"https:\/\/james.care\/fr\/wp-json\/wp\/v2\/comments?post=21427"}],"version-history":[{"count":0,"href":"https:\/\/james.care\/fr\/wp-json\/wp\/v2\/pages\/21427\/revisions"}],"wp:attachment":[{"href":"https:\/\/james.care\/fr\/wp-json\/wp\/v2\/media?parent=21427"}],"curies":[{"name":"wp","href":"https:\/\/api.w.org\/{rel}","templated":true}]}}