{"id":21230,"date":"2022-11-11T10:03:59","date_gmt":"2022-11-11T09:03:59","guid":{"rendered":"https:\/\/myjames.shop\/?page_id=21230"},"modified":"2024-12-05T11:46:34","modified_gmt":"2024-12-05T10:46:34","slug":"sim","status":"publish","type":"page","link":"https:\/\/james.care\/fr\/sim\/","title":{"rendered":"+SIM"},"content":{"rendered":"<section class=\"bde-section-21230-100 bde-section\">\n  \n  \n\t\n\n\n\n<div class=\"section-container\"><h1 class=\"bde-heading-21230-101 bde-heading\">\nPlus de s\u00e9curit\u00e9 avec la <br>Carte SIM JAMES\n<\/h1><div class=\"bde-columns-21230-102 bde-columns\"><div class=\"bde-column-21230-104 bde-column\">\n  \n  \n\t\n\n\n\n<div class=\"bde-image-21230-106 bde-image\">\n<figure class=\"breakdance-image breakdance-image--19459\">\n\t<div class=\"breakdance-image-container\">\n\t\t<div class=\"breakdance-image-clip\"><img loading=\"lazy\" decoding=\"async\" class=\"breakdance-image-object\" src=\"https:\/\/james.care\/wp-content\/uploads\/2022\/08\/Roaming_SIMCARD_mockup.jpg\" width=\"1500\" height=\"1125\" srcset=\"https:\/\/james.care\/wp-content\/uploads\/2022\/08\/Roaming_SIMCARD_mockup.jpg 1500w, https:\/\/james.care\/wp-content\/uploads\/2022\/08\/Roaming_SIMCARD_mockup-300x225.jpg 300w, https:\/\/james.care\/wp-content\/uploads\/2022\/08\/Roaming_SIMCARD_mockup-1024x768.jpg 1024w, https:\/\/james.care\/wp-content\/uploads\/2022\/08\/Roaming_SIMCARD_mockup-768x576.jpg 768w, https:\/\/james.care\/wp-content\/uploads\/2022\/08\/Roaming_SIMCARD_mockup-600x450.jpg 600w\" sizes=\"auto, (max-width: 1500px) 100vw, 1500px\"><\/div>\n\t<\/div><\/figure>\n\n<\/div>\n<\/div><div class=\"bde-column-21230-103 bde-column\">\n  \n  \n\t\n\n\n\n<div class=\"bde-rich-text-21230-105 bde-rich-text breakdance-rich-text-styles\">\n<p>JAMES utilise une carte SIM sp\u00e9ciale qui utilise toujours le meilleur r\u00e9seau de t\u00e9l\u00e9phonie mobile disponible. Alors que d'autres montres ne peuvent souvent plus \u00e9tablir de connexion dans les zones mortes, JAMES reste la plupart du temps op\u00e9rationnelle. Le tarif JAMES comprend non seulement le co\u00fbt de la carte SIM, mais aussi l'ensemble des services JAMES : l'application, l'assistance t\u00e9l\u00e9phonique, l'aide \u00e0 la configuration et un syst\u00e8me de retour simple.<\/p>\n<p>\u00c9pargnez-vous les frais d'inscription et d'enregistrement d'une carte SIM et profitez de la meilleure qualit\u00e9 de connexion possible - JAMES s'occupe de tout.<\/p>\n<p>La fonction de la <strong>Carte SIM JAMES <\/strong>en combinaison avec les produits JAMES, est disponible au sein de la<strong> Union europ\u00e9enne<\/strong> ainsi que dans la <strong>Suisse<\/strong> est garantie.<\/p>\n<p>Afin de fournir la meilleure qualit\u00e9 de r\u00e9seau, nous travaillons avec des partenaires renomm\u00e9s tels que <u>A1 Telekom Austria<\/u>, <u>Magenta France<\/u>, <u>Telekom Allemagne, Swisscom<\/u> et <u>Tele 2 Su\u00e8de<\/u> ensemble.<\/p>\n<\/div>\n<\/div><\/div><\/div>\n<\/section>","protected":false},"excerpt":{"rendered":"<p>Mehr Sicherheit mit der JAMES-SIM-Karte\u200b JAMES nutzt eine spezielle SIM-Karte, die stets das beste verf\u00fcgbare Mobilfunknetz verwendet.\u00a0W\u00e4hrend andere Uhren in Funkl\u00f6chern oft keine Verbindung mehr herstellen k\u00f6nnen, bleibt JAMES zumeist weiterhin funktionsf\u00e4hig. Im JAMES-Tarif sind nicht nur die Kosten f\u00fcr die SIM-Karte bereits enthalten, sondern auch das gesamte JAMES-Servicepaket: die App, telefonischer Support, Unterst\u00fctzung bei [&hellip;]<\/p>\n","protected":false},"author":1,"featured_media":0,"parent":0,"menu_order":0,"comment_status":"closed","ping_status":"closed","template":"","meta":{"_acf_changed":false,"_breakdance_hide_in_design_set":false,"_breakdance_tags":"","footnotes":""},"class_list":["post-21230","page","type-page","status-publish","hentry"],"acf":[],"_links":{"self":[{"href":"https:\/\/james.care\/fr\/wp-json\/wp\/v2\/pages\/21230","targetHints":{"allow":["GET"]}}],"collection":[{"href":"https:\/\/james.care\/fr\/wp-json\/wp\/v2\/pages"}],"about":[{"href":"https:\/\/james.care\/fr\/wp-json\/wp\/v2\/types\/page"}],"author":[{"embeddable":true,"href":"https:\/\/james.care\/fr\/wp-json\/wp\/v2\/users\/1"}],"replies":[{"embeddable":true,"href":"https:\/\/james.care\/fr\/wp-json\/wp\/v2\/comments?post=21230"}],"version-history":[{"count":0,"href":"https:\/\/james.care\/fr\/wp-json\/wp\/v2\/pages\/21230\/revisions"}],"wp:attachment":[{"href":"https:\/\/james.care\/fr\/wp-json\/wp\/v2\/media?parent=21230"}],"curies":[{"name":"wp","href":"https:\/\/api.w.org\/{rel}","templated":true}]}}