{"id":20995,"date":"2022-11-08T15:47:58","date_gmt":"2022-11-08T14:47:58","guid":{"rendered":"https:\/\/myjames.shop\/?page_id=20995"},"modified":"2025-03-13T10:19:36","modified_gmt":"2025-03-13T09:19:36","slug":"warenkorb","status":"publish","type":"page","link":"https:\/\/james.care\/fr\/warenkorb\/","title":{"rendered":"+panier d'achat"},"content":{"rendered":"<section class=\"bde-section-20995-100 bde-section\">\n  \n  \n\t\n\n\n\n<div class=\"section-container\"><h1 class=\"bde-heading-20995-101 bde-heading\">\nPanier d'achat\n<\/h1><div class=\"bde-cart-20995-102 bde-cart breakdance-woocommerce\">    <div class=\"breakdance-empty-ssr-message breakdance-empty-ssr-message-error\">\n        <div>\n            Le site <b>\"Cart Page\"<\/b> ne peut \u00eatre ajout\u00e9 qu'\u00e0 l'\u00e9l\u00e9ment <b>Page de panier WooCommerce<\/b>.<br \/><br \/>\n            Le site <b>Page de panier WooCommerce<\/b> est actuellement fix\u00e9 \u00e0 <b>\"+Panier\" (ID : 20995)<\/b>.<br \/><br \/>\n            D\u00e9finir le <b>Page de panier WooCommerce<\/b> dans le WP admin \u00e0 <b>WooCommerce &gt; Settings &gt; Advanced &gt; Page Setup<\/b>.\n    <\/div>\n<\/div><\/div>\n<\/section>","protected":false},"excerpt":{"rendered":"<p>Panier L'\u00e9l\u00e9ment \"Page du panier\" ne peut \u00eatre ajout\u00e9 qu'\u00e0 la page du panier WooCommerce. La page de panier WooCommerce est actuellement r\u00e9gl\u00e9e sur \"+Panier\" (ID : 20995). Configurez la page de panier WooCommerce dans l'admin WP \u00e0 WooCommerce &gt; Param\u00e8tres &gt; Avanc\u00e9 &gt; Configuration de la page.<\/p>","protected":false},"author":1,"featured_media":0,"parent":0,"menu_order":0,"comment_status":"closed","ping_status":"closed","template":"","meta":{"_acf_changed":false,"_breakdance_hide_in_design_set":false,"_breakdance_tags":"","footnotes":""},"class_list":["post-20995","page","type-page","status-publish","hentry"],"acf":[],"_links":{"self":[{"href":"https:\/\/james.care\/fr\/wp-json\/wp\/v2\/pages\/20995","targetHints":{"allow":["GET"]}}],"collection":[{"href":"https:\/\/james.care\/fr\/wp-json\/wp\/v2\/pages"}],"about":[{"href":"https:\/\/james.care\/fr\/wp-json\/wp\/v2\/types\/page"}],"author":[{"embeddable":true,"href":"https:\/\/james.care\/fr\/wp-json\/wp\/v2\/users\/1"}],"replies":[{"embeddable":true,"href":"https:\/\/james.care\/fr\/wp-json\/wp\/v2\/comments?post=20995"}],"version-history":[{"count":0,"href":"https:\/\/james.care\/fr\/wp-json\/wp\/v2\/pages\/20995\/revisions"}],"wp:attachment":[{"href":"https:\/\/james.care\/fr\/wp-json\/wp\/v2\/media?parent=20995"}],"curies":[{"name":"wp","href":"https:\/\/api.w.org\/{rel}","templated":true}]}}