{"id":20873,"date":"2022-11-08T09:15:51","date_gmt":"2022-11-08T08:15:51","guid":{"rendered":"https:\/\/myjames.shop\/?page_id=20873"},"modified":"2024-11-29T10:39:06","modified_gmt":"2024-11-29T09:39:06","slug":"myjames","status":"publish","type":"page","link":"https:\/\/james.care\/fr\/myjames\/","title":{"rendered":"Espace client JAMES"},"content":{"rendered":"<section class=\"bde-section-20873-100 bde-section\">\n  \n  \n\t\n\n\n\n<div class=\"section-container\"><h1 class=\"bde-heading-20873-101 bde-heading\">\nEspace client\n<\/h1><div class=\"bde-woopageaccount-20873-102 bde-woopageaccount breakdance-woocommerce\">    <div class=\"breakdance-empty-ssr-message breakdance-empty-ssr-message-error\">\n        <div>\n            Le site <b>\"Account Page\"<\/b> ne peut \u00eatre ajout\u00e9 qu'\u00e0 l'\u00e9l\u00e9ment <b>Page de compte WooCommerce<\/b>.<br \/><br \/>\n            Le site <b>Page de compte WooCommerce<\/b> est actuellement fix\u00e9 \u00e0 <b>\"Espace client JAMES\" (ID : 20873)<\/b>.<br \/><br \/>\n            D\u00e9finir le <b>Page de compte WooCommerce<\/b> dans le WP admin \u00e0 <b>WooCommerce &gt; Settings &gt; Advanced &gt; Page Setup<\/b>.\n    <\/div><\/div><\/div>\n<\/section>","protected":false},"excerpt":{"rendered":"<p>Espace client L'\u00e9l\u00e9ment \"Page de compte\" ne peut \u00eatre ajout\u00e9 qu'\u00e0 la page de compte WooCommerce. La page de compte WooCommerce est actuellement param\u00e9tr\u00e9e sur \"Espace client JAMES\" (ID : 20873). Configurez la page de compte WooCommerce dans l'admin WP \u00e0 WooCommerce &gt; Settings &gt; Advanced &gt; Page Setup.<\/p>","protected":false},"author":1,"featured_media":0,"parent":0,"menu_order":0,"comment_status":"closed","ping_status":"closed","template":"","meta":{"_acf_changed":false,"_breakdance_hide_in_design_set":false,"_breakdance_tags":"","footnotes":""},"class_list":["post-20873","page","type-page","status-publish","hentry"],"acf":[],"_links":{"self":[{"href":"https:\/\/james.care\/fr\/wp-json\/wp\/v2\/pages\/20873","targetHints":{"allow":["GET"]}}],"collection":[{"href":"https:\/\/james.care\/fr\/wp-json\/wp\/v2\/pages"}],"about":[{"href":"https:\/\/james.care\/fr\/wp-json\/wp\/v2\/types\/page"}],"author":[{"embeddable":true,"href":"https:\/\/james.care\/fr\/wp-json\/wp\/v2\/users\/1"}],"replies":[{"embeddable":true,"href":"https:\/\/james.care\/fr\/wp-json\/wp\/v2\/comments?post=20873"}],"version-history":[{"count":0,"href":"https:\/\/james.care\/fr\/wp-json\/wp\/v2\/pages\/20873\/revisions"}],"wp:attachment":[{"href":"https:\/\/james.care\/fr\/wp-json\/wp\/v2\/media?parent=20873"}],"curies":[{"name":"wp","href":"https:\/\/api.w.org\/{rel}","templated":true}]}}