{"id":3966,"date":"2021-06-10T11:01:53","date_gmt":"2021-06-10T09:01:53","guid":{"rendered":"https:\/\/beta.myjames.shop\/?page_id=3966"},"modified":"2021-06-28T13:56:43","modified_gmt":"2021-06-28T11:56:43","slug":"versand-retouren","status":"publish","type":"page","link":"https:\/\/james.care\/en\/versand-retouren\/","title":{"rendered":"Shipping &amp; Returns"},"content":{"rendered":"<h1>Shipping &amp; Returns<\/h1>\n<h2>Shipping<\/h2>\n<ul>\n<li>We currently deliver to Austria and Germany. The <strong>JAMES Packages<\/strong> will be linked to the <em>Austrian Post<\/em> and <em>Mail Boxes Etc.<\/em> delivered.<\/li>\n<li>Please give us some time to prepare your order for shipping. We usually ship orders within 48 hours, but some orders may take a little longer.<\/li>\n<li>If your parcel has already been sent but has not yet arrived at your address, please first check whether the parcel has been delivered in your neighbourhood. If this is not the case and the shipping status has not changed for five days, please contact us. <a href=\"mailto: hilfe@myjames.shop\">Contact<\/a> on.<\/li>\n<\/ul>\n<h3>Austria<\/h3>\n<p>We will ship your package within 3 business days. After the shipping date, your order will arrive within the next 2-5 working days.\u00a0<\/p>\n<p>Shipping costs:<strong> \u20ac 4,90<\/strong>.\u00a0<\/p>\n<h3>Germany<\/h3>\n<p>We will ship your package within 3 business days. After the shipping date, your order will arrive within the next 2-5 working days.\u00a0<\/p>\n<p>Shipping costs:<strong> \u20ac 8,-<\/strong>.\u00a0<\/p>\n<h2>Returns<\/h2>\n<p>You can use your <strong>JAMES product<\/strong> within <strong>14 days <\/strong>return it to us by sending it back to us from your <strong><a href=\"https:\/\/james.care\/en\/widerruf\/\">Right of withdrawal<\/a> <\/strong>make use of. To do so, please contact our <strong><a href=\"mailto: hilfe@myjames.shop\">Customer support<\/a> <\/strong>or send us directly a filled in<a href=\"https:\/\/james.care\/wp-content\/uploads\/2021\/04\/Muster-Widerrufsformular_Shop.pdf\" target=\"_blank\" rel=\"noopener\"> Cancellation form<\/a>. You will receive a return slip including a return label.<\/p>\n<p>Your purchase amount will be credited within 14 days of receipt of your return - always according to the payment method you chose when placing your order.\u00a0<\/p>","protected":false},"excerpt":{"rendered":"<p>Versand &amp; Retouren Versand Aktuell liefern wir nach \u00d6sterreich und Deutschland. Die JAMES Pakete werden mit der mit der \u00d6sterreichischen Post AG und Mail Boxes Etc. zugestellt. Bitte geben Sie uns etwas Zeit, Ihre Bestellung f\u00fcr den Versand vorzubereiten. In der Regel versenden wir Bestellungen innerhalb von 48 Stunden, bei einigen Bestellungen kann es jedoch [&hellip;]<\/p>\n","protected":false},"author":2,"featured_media":0,"parent":0,"menu_order":0,"comment_status":"closed","ping_status":"closed","template":"","meta":{"_acf_changed":false,"_breakdance_hide_in_design_set":false,"_breakdance_tags":"","footnotes":""},"class_list":["post-3966","page","type-page","status-publish","hentry"],"acf":[],"_links":{"self":[{"href":"https:\/\/james.care\/en\/wp-json\/wp\/v2\/pages\/3966","targetHints":{"allow":["GET"]}}],"collection":[{"href":"https:\/\/james.care\/en\/wp-json\/wp\/v2\/pages"}],"about":[{"href":"https:\/\/james.care\/en\/wp-json\/wp\/v2\/types\/page"}],"author":[{"embeddable":true,"href":"https:\/\/james.care\/en\/wp-json\/wp\/v2\/users\/2"}],"replies":[{"embeddable":true,"href":"https:\/\/james.care\/en\/wp-json\/wp\/v2\/comments?post=3966"}],"version-history":[{"count":0,"href":"https:\/\/james.care\/en\/wp-json\/wp\/v2\/pages\/3966\/revisions"}],"wp:attachment":[{"href":"https:\/\/james.care\/en\/wp-json\/wp\/v2\/media?parent=3966"}],"curies":[{"name":"wp","href":"https:\/\/api.w.org\/{rel}","templated":true}]}}