{"id":27004,"date":"2023-05-04T15:09:37","date_gmt":"2023-05-04T13:09:37","guid":{"rendered":"https:\/\/myjames.shop\/?page_id=27004"},"modified":"2023-12-02T13:28:01","modified_gmt":"2023-12-02T12:28:01","slug":"james-demenzuhr-der-wirksame-schutz-bei-demenz","status":"publish","type":"page","link":"https:\/\/james.care\/en\/james-demenzuhr-der-wirksame-schutz-bei-demenz\/","title":{"rendered":"James dementia watch - effective protection against dementia"},"content":{"rendered":"<section class=\"bde-section-27004-100 bde-section\">\n  \n  \n\t\n\n\n\n<div class=\"section-container\"><div class=\"bde-columns-27004-101 bde-columns\"><div class=\"bde-column-27004-102 bde-column\">\n  \n  \n\t\n\n\n\n<div class=\"bde-image-27004-103 bde-image\">\n<figure class=\"breakdance-image breakdance-image--4840\">\n\t<div class=\"breakdance-image-container\">\n\t\t<div class=\"breakdance-image-clip\"><img loading=\"lazy\" decoding=\"async\" class=\"breakdance-image-object\" src=\"https:\/\/ilogs.care\/wp-content\/uploads\/2023\/04\/James_brand.png\" width=\"2343\" height=\"580\" srcset=\"https:\/\/ilogs.care\/wp-content\/uploads\/2023\/04\/James_brand.png 2343w, https:\/\/ilogs.care\/wp-content\/uploads\/2023\/04\/James_brand-300x74.png 300w, https:\/\/ilogs.care\/wp-content\/uploads\/2023\/04\/James_brand-1024x253.png 1024w, https:\/\/ilogs.care\/wp-content\/uploads\/2023\/04\/James_brand-768x190.png 768w, https:\/\/ilogs.care\/wp-content\/uploads\/2023\/04\/James_brand-1536x380.png 1536w, https:\/\/ilogs.care\/wp-content\/uploads\/2023\/04\/James_brand-2048x507.png 2048w, https:\/\/ilogs.care\/wp-content\/uploads\/2023\/04\/James_brand-600x149.png 600w\" sizes=\"auto, (max-width: 2343px) 100vw, 2343px\"><\/div>\n\t<\/div><\/figure>\n\n<\/div><h1 class=\"bde-heading-27004-104 bde-heading\">\nRelatives with dementia<br>Find quickly &amp; safely\n<\/h1><div class=\"bde-rich-text-27004-105 bde-rich-text breakdance-rich-text-styles\">\n<p>With the JAMES dementia watch, your disorientated relative receives the best possible protection with minimum restriction of their freedom.<\/p>\n<\/div>\n<\/div><div class=\"bde-column-27004-106 bde-column\">\n  \n  \n\t\n\n\n\n\n<\/div><\/div><\/div>\n<\/section><section class=\"bde-section-27004-107 bde-section\">\n  \n  \n\t\n\n\n\n<div class=\"section-container\"><div class=\"bde-columns-27004-108 bde-columns\"><div class=\"bde-column-27004-109 bde-column\">\n  \n  \n\t\n\n\n\n<div class=\"bde-checkmark-list-27004-110 bde-checkmark-list\">\n<ul>\n  \n              \n              \n    <li>\n      <span class='bde-checkmark-list__icon bde-checkmark-list__icon_yes  bg-yes'>\n                  <svg xmlns=\"http:\/\/www.w3.org\/2000\/svg\" viewbox=\"0 0 24 24\"><path d=\"M18.71,7.21a1,1,0,0,0-1.42,0L9.84,14.67,6.71,11.53A1,1,0,1,0,5.29,13l3.84,3.84a1,1,0,0,0,1.42,0l8.16-8.16A1,1,0,0,0,18.71,7.21Z\"\/><\/svg>\n              <\/span>\n      <div >\n        Effective protection for dementia\n      <\/div>\n\n    <\/li>\n\n  \n              \n              \n    <li>\n      <span class='bde-checkmark-list__icon bde-checkmark-list__icon_yes  bg-yes'>\n                  <svg xmlns=\"http:\/\/www.w3.org\/2000\/svg\" viewbox=\"0 0 24 24\"><path d=\"M18.71,7.21a1,1,0,0,0-1.42,0L9.84,14.67,6.71,11.53A1,1,0,1,0,5.29,13l3.84,3.84a1,1,0,0,0,1.42,0l8.16-8.16A1,1,0,0,0,18.71,7.21Z\"\/><\/svg>\n              <\/span>\n      <div >\n        Quickly find the outward runner\n      <\/div>\n\n    <\/li>\n\n  \n              \n              \n    <li>\n      <span class='bde-checkmark-list__icon bde-checkmark-list__icon_yes  bg-yes'>\n                  <svg xmlns=\"http:\/\/www.w3.org\/2000\/svg\" viewbox=\"0 0 24 24\"><path d=\"M18.71,7.21a1,1,0,0,0-1.42,0L9.84,14.67,6.71,11.53A1,1,0,1,0,5.29,13l3.84,3.84a1,1,0,0,0,1.42,0l8.16-8.16A1,1,0,0,0,18.71,7.21Z\"\/><\/svg>\n              <\/span>\n      <div >\n        Runaway alarm\n      <\/div>\n\n    <\/li>\n\n  \n              \n              \n    <li>\n      <span class='bde-checkmark-list__icon bde-checkmark-list__icon_yes  bg-yes'>\n                  <svg xmlns=\"http:\/\/www.w3.org\/2000\/svg\" viewbox=\"0 0 24 24\"><path d=\"M18.71,7.21a1,1,0,0,0-1.42,0L9.84,14.67,6.71,11.53A1,1,0,1,0,5.29,13l3.84,3.84a1,1,0,0,0,1.42,0l8.16-8.16A1,1,0,0,0,18.71,7.21Z\"\/><\/svg>\n              <\/span>\n      <div >\n        Relief for family carers\n      <\/div>\n\n    <\/li>\n\n  \n              \n              \n    <li>\n      <span class='bde-checkmark-list__icon bde-checkmark-list__icon_yes  bg-yes'>\n                  <svg xmlns=\"http:\/\/www.w3.org\/2000\/svg\" viewbox=\"0 0 24 24\"><path d=\"M18.71,7.21a1,1,0,0,0-1.42,0L9.84,14.67,6.71,11.53A1,1,0,1,0,5.29,13l3.84,3.84a1,1,0,0,0,1.42,0l8.16-8.16A1,1,0,0,0,18.71,7.21Z\"\/><\/svg>\n              <\/span>\n      <div >\n        Carefree and stress-free for the family\n      <\/div>\n\n    <\/li>\n\n  <\/ul>\n\n<\/div><div class=\"bde-rich-text-27004-111 bde-rich-text breakdance-rich-text-styles\">\n<p>When disorientated people have a tendency to wander off or walk away, this is a particularly great challenge for relatives or carers.  Electronic monitoring of door exits is very expensive and often not feasible. Complete monitoring of those affected is also not possible or not wanted. A good solution to this problem is offered by the <strong>JAMES dementia clock<\/strong>.<\/p><p>People with dementia receive the inconspicuous JAMES emergency watch, which they wear permanently on their wrist. The watch has a SIM card and excellent localisation functions (GPS, WLAN). If the person being cared for goes missing, they can be found again using the James app. A movement zone can also be created around the primary location of the person with dementia. If the person leaves this zone, you as a relative or carer are automatically notified.<\/p>\n<\/div>\n<\/div><div class=\"bde-column-27004-112 bde-column\">\n  \n  \n\t\n\n\n\n<div class=\"bde-image-27004-113 bde-image\">\n<figure class=\"breakdance-image breakdance-image--4843\">\n\t<div class=\"breakdance-image-container\">\n\t\t<div class=\"breakdance-image-clip\"><img loading=\"lazy\" decoding=\"async\" class=\"breakdance-image-object\" src=\"https:\/\/ilogs.care\/wp-content\/uploads\/2023\/04\/B7_front_screen_links.png\" width=\"1500\" height=\"1500\" srcset=\"https:\/\/ilogs.care\/wp-content\/uploads\/2023\/04\/B7_front_screen_links.png 1500w, https:\/\/ilogs.care\/wp-content\/uploads\/2023\/04\/B7_front_screen_links-300x300.png 300w, https:\/\/ilogs.care\/wp-content\/uploads\/2023\/04\/B7_front_screen_links-1024x1024.png 1024w, https:\/\/ilogs.care\/wp-content\/uploads\/2023\/04\/B7_front_screen_links-150x150.png 150w, https:\/\/ilogs.care\/wp-content\/uploads\/2023\/04\/B7_front_screen_links-768x768.png 768w, https:\/\/ilogs.care\/wp-content\/uploads\/2023\/04\/B7_front_screen_links-600x600.png 600w, https:\/\/ilogs.care\/wp-content\/uploads\/2023\/04\/B7_front_screen_links-100x100.png 100w\" sizes=\"auto, (max-width: 1500px) 100vw, 1500px\"><\/div>\n\t<\/div><\/figure>\n\n<\/div><h4 class=\"bde-heading-27004-114 bde-heading\">\nJAMES dementia clock\n<\/h4>\n<\/div><\/div><\/div>\n<\/section><section class=\"bde-section-27004-115 bde-section\">\n              \n  \n  \n\t\n\n  <div class=\"section-background-overlay\"><\/div>\n\n\n<div class=\"section-container\"><h1 class=\"bde-heading-27004-178 bde-heading\">\nHow does dementia protection work?\n<\/h1><div class=\"bde-columns-27004-117 bde-columns\"><div class=\"bde-column-27004-118 bde-column\">\n  \n  \n\t\n\n\n\n<h4 class=\"bde-heading-27004-119 bde-heading\">\nActive localisation\n<\/h4><div class=\"bde-div-27004-120 bde-div\">\n  \n  \n\t\n\n\n\n<div class=\"bde-columns-27004-121 bde-columns\"><div class=\"bde-column-27004-122 bde-column\">\n  \n  \n\t\n\n\n\n<div class=\"bde-rich-text-27004-123 bde-rich-text breakdance-rich-text-styles\">\n<p>The resident is not at the designated place at a certain time (<em>z. e.g. in the dining room<\/em>). The carer in charge can now actively query the position of the person wearing the watch using a PC\/tablet\/smartphone. The resident can then be retrieved.&nbsp;<\/p>\n<\/div>\n<\/div><div class=\"bde-column-27004-124 bde-column\">\n  \n  \n\t\n\n\n\n<div class=\"bde-image-27004-125 bde-image\">\n<figure class=\"breakdance-image breakdance-image--4849\">\n\t<div class=\"breakdance-image-container\">\n\t\t<div class=\"breakdance-image-clip\"><img loading=\"lazy\" decoding=\"async\" class=\"breakdance-image-object\" src=\"https:\/\/ilogs.care\/wp-content\/uploads\/2023\/04\/icon_location_1000px.png\" width=\"1000\" height=\"1033\" srcset=\"https:\/\/ilogs.care\/wp-content\/uploads\/2023\/04\/icon_location_1000px.png 1000w, https:\/\/ilogs.care\/wp-content\/uploads\/2023\/04\/icon_location_1000px-290x300.png 290w, https:\/\/ilogs.care\/wp-content\/uploads\/2023\/04\/icon_location_1000px-991x1024.png 991w, https:\/\/ilogs.care\/wp-content\/uploads\/2023\/04\/icon_location_1000px-768x793.png 768w, https:\/\/ilogs.care\/wp-content\/uploads\/2023\/04\/icon_location_1000px-600x620.png 600w\" sizes=\"auto, (max-width: 1000px) 100vw, 1000px\"><\/div>\n\t<\/div><\/figure>\n\n<\/div>\n<\/div><\/div>\n<\/div>\n<\/div><div class=\"bde-column-27004-126 bde-column\">\n  \n  \n\t\n\n\n\n\n<\/div><\/div><div class=\"bde-columns-27004-127 bde-columns\"><div class=\"bde-column-27004-128 bde-column\">\n  \n  \n\t\n\n\n\n<h4 class=\"bde-heading-27004-129 bde-heading\">\nLeaving the movement zone\n<\/h4><div class=\"bde-div-27004-130 bde-div\">\n  \n  \n\t\n\n\n\n<div class=\"bde-columns-27004-131 bde-columns\"><div class=\"bde-column-27004-132 bde-column\">\n  \n  \n\t\n\n\n\n<div class=\"bde-rich-text-27004-133 bde-rich-text breakdance-rich-text-styles\">\n<p>For affected persons who should generally no longer leave their place of residence, a movement zone can very easily be created in the JAMES system.  The zone has a minimum diameter of 100 metres.<\/p><p>If the watch wearer leaves this zone, the alarm is triggered after a few minutes. An alarm chain with predefined telephone numbers (<em>z. e.g. daughter, neighbour, etc.<\/em>) are called one after the other, informing relatives that the person has left the movement zone. As described above, the missing person can now be easily located and retrieval can be initiated.<\/p>\n<\/div>\n<\/div><div class=\"bde-column-27004-134 bde-column\">\n  \n  \n\t\n\n\n\n<div class=\"bde-text-27004-135 bde-text\">\nMovement zone around the place of residence\n<\/div><div class=\"bde-image-27004-136 bde-image\">\n<figure class=\"breakdance-image breakdance-image--4848\">\n\t<div class=\"breakdance-image-container\">\n\t\t<div class=\"breakdance-image-clip\"><img loading=\"lazy\" decoding=\"async\" class=\"breakdance-image-object\" src=\"https:\/\/ilogs.care\/wp-content\/uploads\/2023\/04\/bewegungszone_1000px.png\" width=\"1000\" height=\"1050\" srcset=\"https:\/\/ilogs.care\/wp-content\/uploads\/2023\/04\/bewegungszone_1000px.png 1000w, https:\/\/ilogs.care\/wp-content\/uploads\/2023\/04\/bewegungszone_1000px-286x300.png 286w, https:\/\/ilogs.care\/wp-content\/uploads\/2023\/04\/bewegungszone_1000px-975x1024.png 975w, https:\/\/ilogs.care\/wp-content\/uploads\/2023\/04\/bewegungszone_1000px-768x806.png 768w, https:\/\/ilogs.care\/wp-content\/uploads\/2023\/04\/bewegungszone_1000px-600x630.png 600w\" sizes=\"auto, (max-width: 1000px) 100vw, 1000px\"><\/div>\n\t<\/div><\/figure>\n\n<\/div><div class=\"bde-text-27004-137 bde-text\">\nthe watch wearer leaves the movement zone\n<\/div>\n<\/div><\/div>\n<\/div>\n<\/div><div class=\"bde-column-27004-138 bde-column\">\n  \n  \n\t\n\n\n\n\n<\/div><\/div><\/div>\n<\/section><section class=\"bde-section-27004-139 bde-section\">\n  \n  \n\t\n\n\n\n<div class=\"section-container\"><h3 class=\"bde-heading-27004-140 bde-heading\">\nOffer for care organisation\n<\/h3><div class=\"bde-columns-27004-141 bde-columns\"><div class=\"bde-column-27004-142 bde-column\">\n  \n  \n\t\n\n\n\n<div class=\"bde-image-27004-143 bde-image\">\n<figure class=\"breakdance-image breakdance-image--4860\">\n\t<div class=\"breakdance-image-container\">\n\t\t<div class=\"breakdance-image-clip\"><img loading=\"lazy\" decoding=\"async\" class=\"breakdance-image-object\" src=\"https:\/\/ilogs.care\/wp-content\/uploads\/2023\/04\/b7_Front_standardscren.png\" width=\"1500\" height=\"1500\" srcset=\"https:\/\/ilogs.care\/wp-content\/uploads\/2023\/04\/b7_Front_standardscren.png 1500w, https:\/\/ilogs.care\/wp-content\/uploads\/2023\/04\/b7_Front_standardscren-300x300.png 300w, https:\/\/ilogs.care\/wp-content\/uploads\/2023\/04\/b7_Front_standardscren-1024x1024.png 1024w, https:\/\/ilogs.care\/wp-content\/uploads\/2023\/04\/b7_Front_standardscren-150x150.png 150w, https:\/\/ilogs.care\/wp-content\/uploads\/2023\/04\/b7_Front_standardscren-768x768.png 768w, https:\/\/ilogs.care\/wp-content\/uploads\/2023\/04\/b7_Front_standardscren-600x600.png 600w, https:\/\/ilogs.care\/wp-content\/uploads\/2023\/04\/b7_Front_standardscren-100x100.png 100w\" sizes=\"auto, (max-width: 1500px) 100vw, 1500px\"><\/div>\n\t<\/div><\/figure>\n\n<\/div>\n<\/div><div class=\"bde-column-27004-144 bde-column\">\n  \n  \n\t\n\n\n\n<div class=\"bde-rich-text-27004-145 bde-rich-text breakdance-rich-text-styles\">\n<h3><strong>JAMES<\/strong> Dementia clock<\/h3><p>incl. roaming SIM card<br>incl. dementia tariff<br>incl. JAMES web portal + JAMES helper app<br>incl. Premium Support<\/p>\n<\/div>\n<\/div><div class=\"bde-column-27004-146 bde-column\">\n  \n  \n\t\n\n\n\n<div class=\"bde-div-27004-147 bde-div\">\n  \n  \n\t\n\n\n\n<div class=\"bde-text-27004-148 bde-text\">\n\u20ac\n<\/div><div class=\"bde-text-27004-149 bde-text\">\n199\n<\/div>\n<\/div><div class=\"bde-div-27004-151 bde-div\">\n  \n  \n\t\n\n\n\n<div class=\"bde-text-27004-152 bde-text\">\n+ Dementia tariff \n<\/div><div class=\"bde-text-27004-153 bde-text\">\n \u20ac 14,90\n<\/div><div class=\"bde-text-27004-150 bde-text\">\nper month\n<\/div>\n<\/div>\n<\/div><\/div><div class=\"bde-columns-27004-156 bde-columns\"><div class=\"bde-column-27004-157 bde-column\">\n  \n  \n\t\n\n\n\n<div class=\"bde-image-27004-158 bde-image\">\n<figure class=\"breakdance-image breakdance-image--1831\">\n\t<div class=\"breakdance-image-container\">\n\t\t<div class=\"breakdance-image-clip\"><img loading=\"lazy\" decoding=\"async\" class=\"breakdance-image-object\" src=\"https:\/\/ilogs.care\/wp-content\/uploads\/2021\/08\/james_locator.png\" width=\"1074\" height=\"1242\" srcset=\"https:\/\/ilogs.care\/wp-content\/uploads\/2021\/08\/james_locator.png 1074w, https:\/\/ilogs.care\/wp-content\/uploads\/2021\/08\/james_locator-259x300.png 259w, https:\/\/ilogs.care\/wp-content\/uploads\/2021\/08\/james_locator-885x1024.png 885w, https:\/\/ilogs.care\/wp-content\/uploads\/2021\/08\/james_locator-768x888.png 768w\" sizes=\"auto, (max-width: 1074px) 100vw, 1074px\"><\/div>\n\t<\/div><\/figure>\n\n<\/div>\n<\/div><div class=\"bde-column-27004-159 bde-column\">\n  \n  \n\t\n\n\n\n<div class=\"bde-rich-text-27004-160 bde-rich-text breakdance-rich-text-styles\">\n<h3><strong>JAMES<\/strong> Locator<\/h3><p>WLAN repeater for localisation in the facility.<\/p>\n<\/div>\n<\/div><div class=\"bde-column-27004-161 bde-column\">\n  \n  \n\t\n\n\n\n<div class=\"bde-div-27004-162 bde-div\">\n  \n  \n\t\n\n\n\n<div class=\"bde-text-27004-163 bde-text\">\n\u20ac\n<\/div><div class=\"bde-text-27004-164 bde-text\">\n29\n<\/div>\n<\/div><div class=\"bde-div-27004-165 bde-div\">\n  \n  \n\t\n\n\n\n<div class=\"bde-text-27004-166 bde-text\">\none-off, incl. VAT.\n<\/div>\n<\/div>\n<\/div><\/div><div class=\"bde-columns-27004-167 bde-columns\"><div class=\"bde-column-27004-168 bde-column\">\n  \n  \n\t\n\n\n\n<div class=\"bde-image-27004-169 bde-image\">\n<figure class=\"breakdance-image breakdance-image--4862\">\n\t<div class=\"breakdance-image-container\">\n\t\t<div class=\"breakdance-image-clip\"><img loading=\"lazy\" decoding=\"async\" class=\"breakdance-image-object\" src=\"https:\/\/ilogs.care\/wp-content\/uploads\/2023\/04\/lockable-strap.jpg\" width=\"500\" height=\"500\" srcset=\"https:\/\/ilogs.care\/wp-content\/uploads\/2023\/04\/lockable-strap.jpg 500w, https:\/\/ilogs.care\/wp-content\/uploads\/2023\/04\/lockable-strap-300x300.jpg 300w, https:\/\/ilogs.care\/wp-content\/uploads\/2023\/04\/lockable-strap-150x150.jpg 150w, https:\/\/ilogs.care\/wp-content\/uploads\/2023\/04\/lockable-strap-100x100.jpg 100w\" sizes=\"auto, (max-width: 500px) 100vw, 500px\"><\/div>\n\t<\/div><\/figure>\n\n<\/div>\n<\/div><div class=\"bde-column-27004-170 bde-column\">\n  \n  \n\t\n\n\n\n<div class=\"bde-rich-text-27004-171 bde-rich-text breakdance-rich-text-styles\">\n<h3>Lockable bracelet<\/h3><p>Can only be opened by nursing staff.<\/p>\n<\/div>\n<\/div><div class=\"bde-column-27004-172 bde-column\">\n  \n  \n\t\n\n\n\n<div class=\"bde-div-27004-173 bde-div\">\n  \n  \n\t\n\n\n\n<div class=\"bde-text-27004-174 bde-text\">\n\u20ac\n<\/div><div class=\"bde-text-27004-175 bde-text\">\n129\n<\/div>\n<\/div><div class=\"bde-div-27004-176 bde-div\">\n  \n  \n\t\n\n\n\n<div class=\"bde-text-27004-177 bde-text\">\none-off, incl. VAT.\n<\/div>\n<\/div>\n<\/div><\/div><\/div>\n<\/section>","protected":false},"excerpt":{"rendered":"<p>Demente Angeh\u00f6rigerasch &#038; sicher finden Mit der JAMES Demenzuhr erh\u00e4lt ihr desorientierter Angeh\u00f6rige den bestm\u00f6glichen Schutz bei minimalster Einschr\u00e4nkung seiner Freiheit. Wirksamer Schutz bei Demenz Hinl\u00e4ufer rasch finden Alarm bei Weglauf Entlastung der pflegenden Angeh\u00f6rigen Sorgen- und stresfrei f\u00fcr die Familie Wenn desorientierte Personen eine Weg- bzw. Hinlauftendenz haben, ist dies eine besonders gro\u00dfe Herausforderung [&hellip;]<\/p>\n","protected":false},"author":1,"featured_media":0,"parent":0,"menu_order":0,"comment_status":"closed","ping_status":"closed","template":"","meta":{"_acf_changed":false,"_breakdance_hide_in_design_set":false,"_breakdance_tags":"","footnotes":""},"class_list":["post-27004","page","type-page","status-publish","hentry"],"acf":[],"_links":{"self":[{"href":"https:\/\/james.care\/en\/wp-json\/wp\/v2\/pages\/27004","targetHints":{"allow":["GET"]}}],"collection":[{"href":"https:\/\/james.care\/en\/wp-json\/wp\/v2\/pages"}],"about":[{"href":"https:\/\/james.care\/en\/wp-json\/wp\/v2\/types\/page"}],"author":[{"embeddable":true,"href":"https:\/\/james.care\/en\/wp-json\/wp\/v2\/users\/1"}],"replies":[{"embeddable":true,"href":"https:\/\/james.care\/en\/wp-json\/wp\/v2\/comments?post=27004"}],"version-history":[{"count":0,"href":"https:\/\/james.care\/en\/wp-json\/wp\/v2\/pages\/27004\/revisions"}],"wp:attachment":[{"href":"https:\/\/james.care\/en\/wp-json\/wp\/v2\/media?parent=27004"}],"curies":[{"name":"wp","href":"https:\/\/api.w.org\/{rel}","templated":true}]}}