{"id":21879,"date":"2022-11-23T08:18:51","date_gmt":"2022-11-23T07:18:51","guid":{"rendered":"https:\/\/myjames.shop\/?page_id=21879"},"modified":"2022-12-29T21:10:43","modified_gmt":"2022-12-29T20:10:43","slug":"ueber_uns","status":"publish","type":"page","link":"https:\/\/james.care\/en\/ueber_uns\/","title":{"rendered":"+About us"},"content":{"rendered":"<section class=\"bde-section-21879-100 bde-section\">\n  \n  \n\t\n\n\n\n<div class=\"section-container\"><h1 class=\"bde-heading-21879-104 bde-heading\">\nAbout ilogs healthcare\n<\/h1><div class=\"bde-columns-21879-101 bde-columns\"><div class=\"bde-column-21879-102 bde-column\">\n  \n  \n\t\n\n\n\n<h3 class=\"bde-heading-21879-105 bde-heading\">\nOur mission\n<\/h3><div class=\"bde-rich-text-21879-106 bde-rich-text breakdance-rich-text-styles\">\n<p>Demographic change is a continuing challenge for our society. The current structure of society (in Europe) is characterised by declining birth rates and ageing groups of people. This upheaval requires innovative solutions to make life easier, but above all safer, for the increasingly ageing population. Much of the care and support already takes place at home and this is also the focus of <strong>JAMES<\/strong>.<\/p><p>With the focus on <strong>SECURITY<\/strong>, <strong>HEALTH<\/strong> and <strong>COMMUNITY<\/strong> offers <strong>JAMES<\/strong> individual life situations, different offers for senior citizens and their environment. Its products, perfectly tailored to seniors, support <strong>JAMES<\/strong> thousands of older people worldwide. The smart assistance system is divided into the increasingly important area of <strong><em>Active Assisted Living<\/em><\/strong>, short <strong>AAL<\/strong>, a. AAL systems can provide a better quality of life in old age with the help of innovative technologies and services.<\/p>\n<\/div>\n<\/div><div class=\"bde-column-21879-103 bde-column\">\n  \n  \n\t\n\n\n\n<div class=\"bde-image-21879-107 bde-image\">\n<figure class=\"breakdance-image breakdance-image--18851\">\n\t<div class=\"breakdance-image-container\">\n\t\t<div class=\"breakdance-image-clip\"><img loading=\"lazy\" decoding=\"async\" class=\"breakdance-image-object\" src=\"https:\/\/james.care\/wp-content\/uploads\/2021\/04\/shutterstock_1426500845.jpg\" width=\"800\" height=\"533\" srcset=\"https:\/\/james.care\/wp-content\/uploads\/2021\/04\/shutterstock_1426500845.jpg 800w, https:\/\/james.care\/wp-content\/uploads\/2021\/04\/shutterstock_1426500845-300x200.jpg 300w, https:\/\/james.care\/wp-content\/uploads\/2021\/04\/shutterstock_1426500845-768x512.jpg 768w, https:\/\/james.care\/wp-content\/uploads\/2021\/04\/shutterstock_1426500845-600x400.jpg 600w\" sizes=\"auto, (max-width: 800px) 100vw, 800px\"><\/div>\n\t<\/div><\/figure>\n\n<\/div>\n<\/div><\/div><div class=\"bde-columns-21879-108 bde-columns\"><div class=\"bde-column-21879-112 bde-column\">\n  \n  \n\t\n\n\n\n<div class=\"bde-image-21879-113 bde-image\">\n<figure class=\"breakdance-image breakdance-image--19442\">\n\t<div class=\"breakdance-image-container\">\n\t\t<div class=\"breakdance-image-clip\"><img loading=\"lazy\" decoding=\"async\" class=\"breakdance-image-object\" src=\"https:\/\/james.care\/wp-content\/uploads\/2022\/05\/job_healthcare_image.png\" width=\"1000\" height=\"667\" srcset=\"https:\/\/james.care\/wp-content\/uploads\/2022\/05\/job_healthcare_image.png 1000w, https:\/\/james.care\/wp-content\/uploads\/2022\/05\/job_healthcare_image-300x200.png 300w, https:\/\/james.care\/wp-content\/uploads\/2022\/05\/job_healthcare_image-768x512.png 768w, https:\/\/james.care\/wp-content\/uploads\/2022\/05\/job_healthcare_image-600x400.png 600w\" sizes=\"auto, (max-width: 1000px) 100vw, 1000px\"><\/div>\n\t<\/div><\/figure>\n\n<\/div>\n<\/div><div class=\"bde-column-21879-109 bde-column\">\n  \n  \n\t\n\n\n\n<h3 class=\"bde-heading-21879-110 bde-heading\">\nOur competence\n<\/h3><div class=\"bde-rich-text-21879-111 bde-rich-text breakdance-rich-text-styles\">\n<p>The IT expert offers high-quality software and services that focus on the digitalisation of care and support outside the hospital. As the market leader in the field of mobile social services, the <strong>ilogs healthcare <\/strong>also care facilities for the elderly and assisted living.<\/p><p>The idea for <strong>JAMES TeleCare<\/strong> began in 2019 with the mission of enabling older people to have more autonomy and safety in their everyday lives. <strong>ilogs healthcare<\/strong> has been conducting more research in the AAL field since 2012 and is in active exchange with renowned research institutions in this regard. Supported by the <strong>Austrian research association<\/strong> (FFG), new technologies and services were tested and brought to market within the framework of various national and international R&amp;D projects.<\/p><p>Today is <strong>ilogs <\/strong>internationally and is increasingly establishing itself as a recognised e-health specialist in Europe. The company is owner-managed.<\/p>\n<\/div>\n<\/div><\/div><\/div>\n<\/section><section class=\"bde-section-21879-114 bde-section\">\n  \n  \n\t\n\n\n\n<div class=\"section-container\"><\/div>\n<\/section>","protected":false},"excerpt":{"rendered":"<p>\u00dcber ilogs healthcare Unsere Mission Der demographische Wandel stellt f\u00fcr unsere Gesellschaft eine anhaltende Herausforderung dar. Die gegenw\u00e4rtige Gesellschaftsstruktur (Europas) ist von sinkenden Geburtenraten und alternden Personengruppen gepr\u00e4gt. Dieser Umbruch erfordert innovative L\u00f6sungsans\u00e4tze, um das Leben der zunehmend \u00e4lter werdenden Bev\u00f6lkerungsschicht einfacher, vor allem jedoch sicherer zu gestalten. Ein Gro\u00dfteil der Pflege und Betreuung findet [&hellip;]<\/p>\n","protected":false},"author":1,"featured_media":0,"parent":0,"menu_order":0,"comment_status":"closed","ping_status":"closed","template":"","meta":{"_acf_changed":false,"_breakdance_hide_in_design_set":false,"_breakdance_tags":"","footnotes":""},"class_list":["post-21879","page","type-page","status-publish","hentry"],"acf":[],"_links":{"self":[{"href":"https:\/\/james.care\/en\/wp-json\/wp\/v2\/pages\/21879","targetHints":{"allow":["GET"]}}],"collection":[{"href":"https:\/\/james.care\/en\/wp-json\/wp\/v2\/pages"}],"about":[{"href":"https:\/\/james.care\/en\/wp-json\/wp\/v2\/types\/page"}],"author":[{"embeddable":true,"href":"https:\/\/james.care\/en\/wp-json\/wp\/v2\/users\/1"}],"replies":[{"embeddable":true,"href":"https:\/\/james.care\/en\/wp-json\/wp\/v2\/comments?post=21879"}],"version-history":[{"count":0,"href":"https:\/\/james.care\/en\/wp-json\/wp\/v2\/pages\/21879\/revisions"}],"wp:attachment":[{"href":"https:\/\/james.care\/en\/wp-json\/wp\/v2\/media?parent=21879"}],"curies":[{"name":"wp","href":"https:\/\/api.w.org\/{rel}","templated":true}]}}