{"id":21427,"date":"2022-11-14T15:52:02","date_gmt":"2022-11-14T14:52:02","guid":{"rendered":"https:\/\/myjames.shop\/?page_id=21427"},"modified":"2024-12-05T12:32:37","modified_gmt":"2024-12-05T11:32:37","slug":"sturz","status":"publish","type":"page","link":"https:\/\/james.care\/en\/sturz\/","title":{"rendered":"+Camber"},"content":{"rendered":"<section class=\"bde-section-21427-100 bde-section\">\n  \n  \n\t\n\n\n\n<div class=\"section-container\"><h1 class=\"bde-heading-21427-101 bde-heading\">\nFall detection\n<\/h1><div class=\"bde-columns-21427-102 bde-columns\"><div class=\"bde-column-21427-103 bde-column\">\n  \n  \n\t\n\n\n\n<div class=\"bde-image-21427-106 bde-image\">\n<figure class=\"breakdance-image breakdance-image--18951\">\n\t<div class=\"breakdance-image-container\">\n\t\t<div class=\"breakdance-image-clip\"><img loading=\"lazy\" decoding=\"async\" class=\"breakdance-image-object\" src=\"https:\/\/james.care\/wp-content\/uploads\/2021\/05\/old_man_fall_stairs.png\" width=\"1600\" height=\"1067\" srcset=\"https:\/\/james.care\/wp-content\/uploads\/2021\/05\/old_man_fall_stairs.png 1600w, https:\/\/james.care\/wp-content\/uploads\/2021\/05\/old_man_fall_stairs-300x200.png 300w, https:\/\/james.care\/wp-content\/uploads\/2021\/05\/old_man_fall_stairs-1024x683.png 1024w, https:\/\/james.care\/wp-content\/uploads\/2021\/05\/old_man_fall_stairs-768x512.png 768w, https:\/\/james.care\/wp-content\/uploads\/2021\/05\/old_man_fall_stairs-1536x1024.png 1536w, https:\/\/james.care\/wp-content\/uploads\/2021\/05\/old_man_fall_stairs-600x400.png 600w\" sizes=\"auto, (max-width: 1600px) 100vw, 1600px\"><\/div>\n\t<\/div><\/figure>\n\n<\/div>\n<\/div><div class=\"bde-column-21427-104 bde-column\">\n  \n  \n\t\n\n\n\n<div class=\"bde-rich-text-21427-105 bde-rich-text breakdance-rich-text-styles\">\n<p>There are many watches on the market that claim to offer reliable fall detection based on motion sensors. However, the reality is often different, as a fall is very difficult to detect. Here are some examples:<\/p>\n<ul>\n<li><strong>Dizziness<\/strong>The watch wearer slides slowly to the floor and supports himself partially, e.g. on a chair.<\/li>\n<li><strong>Stumble<\/strong>A person trips over the edge of the carpet and falls to the floor.<\/li>\n<li><strong>Unintentional movements<\/strong>The watch wearer slaps the table with his hand.<\/li>\n<\/ul>\n<p>Such scenarios are difficult to recognise clearly. All\u00a0<strong>B and R models<\/strong>\u00a0from JAMES have a fall sensor, but this only works to a limited extent. It can happen that the sensor triggers too often or does not react if the impact is too low. You can switch the fall sensor on or off as required at any time via the JAMES app.<\/p>\n<p>The\u00a0<strong>S model<\/strong>\u00a0from JAMES offers an alternative solution: an integrated\u00a0<strong>Inactivity sensor<\/strong>. This signals an alarm if the clock is not moved for a certain time (e.g. 15 minutes - 8 time levels can be set).<\/p>\n<p>At JAMES, we are constantly working to improve fall detection. However, we know from experience that the\u00a0<strong>Best security<\/strong>\u00a0is achieved,\u00a0<strong>if the watch is worn regularly<\/strong>. In most emergencies - whether it's a fall, fear or danger - help is then just a push of a button away!<\/p>\n<\/div>\n<\/div><\/div><\/div>\n<\/section>","protected":false},"excerpt":{"rendered":"<p>Sturzerkennung Es gibt viele Uhren auf dem Markt, die behaupten, eine zuverl\u00e4ssige Sturzerkennung auf Basis von Bewegungssensoren zu bieten. Die Realit\u00e4t ist jedoch oft eine andere, da ein Sturz sehr schwer zu erkennen ist. Hier einige Beispiele: Schwindel: Der Uhrentr\u00e4ger gleitet langsam zu Boden und st\u00fctzt sich teilweise noch ab, z. B. auf einem Stuhl. [&hellip;]<\/p>\n","protected":false},"author":1,"featured_media":0,"parent":0,"menu_order":0,"comment_status":"closed","ping_status":"closed","template":"","meta":{"_acf_changed":false,"_breakdance_hide_in_design_set":false,"_breakdance_tags":"","footnotes":""},"class_list":["post-21427","page","type-page","status-publish","hentry"],"acf":[],"_links":{"self":[{"href":"https:\/\/james.care\/en\/wp-json\/wp\/v2\/pages\/21427","targetHints":{"allow":["GET"]}}],"collection":[{"href":"https:\/\/james.care\/en\/wp-json\/wp\/v2\/pages"}],"about":[{"href":"https:\/\/james.care\/en\/wp-json\/wp\/v2\/types\/page"}],"author":[{"embeddable":true,"href":"https:\/\/james.care\/en\/wp-json\/wp\/v2\/users\/1"}],"replies":[{"embeddable":true,"href":"https:\/\/james.care\/en\/wp-json\/wp\/v2\/comments?post=21427"}],"version-history":[{"count":0,"href":"https:\/\/james.care\/en\/wp-json\/wp\/v2\/pages\/21427\/revisions"}],"wp:attachment":[{"href":"https:\/\/james.care\/en\/wp-json\/wp\/v2\/media?parent=21427"}],"curies":[{"name":"wp","href":"https:\/\/api.w.org\/{rel}","templated":true}]}}